{"id":2469,"date":"2025-08-25T10:43:54","date_gmt":"2025-08-25T10:43:54","guid":{"rendered":"https:\/\/lemonbutik.com\/?post_type=product&#038;p=2469"},"modified":"2025-08-25T14:13:52","modified_gmt":"2025-08-25T14:13:52","slug":"crop-ve-etekli-takim","status":"publish","type":"product","link":"https:\/\/lemonbutik.com\/index.php\/urun\/crop-ve-etekli-takim\/","title":{"rendered":"Crop Ve Etekli Tak\u0131m"},"content":{"rendered":"<p class=\"p1\"><span class=\"s1\">Tam kal\u0131pt\u0131r<\/span><\/p>\n<p class=\"p1\"><span class=\"s1\">Modelde S beden kullan\u0131lm\u0131\u015ft\u0131r<\/span><\/p>\n<p class=\"p1\"><span class=\"s1\">Model boy 160 kilo 50<\/span><\/p>\n<p class=\"p3\"><span class=\"s1\"><img decoding=\"async\" src=\"data:image\/gif;base64,R0lGODlhAQABAAAAACH5BAEKAAEALAAAAAABAAEAAAICTAEAOw==\" data-src=\"data:image\/png;base64,iVBORw0KGgoAAAANSUhEUgAABgAAAACsCAYAAAC94GfEAAAAAXNSR0IArs4c6QAAAIRlWElmTU0AKgAAAAgABQESAAMAAAABAAEAAAEaAAUAAAABAAAASgEbAAUAAAABAAAAUgEoAAMAAAABAAIAAIdpAAQAAAABAAAAWgAAAAAAAABIAAAAAQAAAEgAAAABAAOgAQADAAAAAQABAACgAgAEAAAAAQAABgCgAwAEAAAAAQAAAKwAAAAAC3XcHAAAAAlwSFlzAAALEwAACxMBAJqcGAAAABxpRE9UAAAAAgAAAAAAAABWAAAAKAAAAFYAAABWAAAKBeqw4gYAAAnRSURBVHgB7NlBEQAACAJB+5fGHjdrAxZ\/3BwBAgQIECBAgAABAgQIECBAgAABAgQIECCQE7hcIoEIECBAgAABAgQIECBAgAABAgQIECBAgACBGQA8AQECBAgQIECAAAECBAgQIECAAAECBAgQCAoYAIKlikSAAAECBAgQIECAAAECBAgQIECAAAECBAwAfoAAAQIECBAgQIAAAQIECBAgQIAAAQIECAQFDADBUkUiQIAAAQIECBAgQIAAAQIECBAgQIAAAQIGAD9AgAABAgQIECBAgAABAgQIECBAgAABAgSCAgaAYKkiESBAgAABAgQIECBAgAABAgQIECBAgAABA4AfIECAAAECBAgQIECAAAECBAgQIECAAAECQQEDQLBUkQgQIECAAAECBAgQIECAAAECBAgQIECAgAHADxAgQIAAAQIECBAgQIAAAQIECBAgQIAAgaCAASBYqkgECBAgQIAAAQIECBAgQIAAAQIECBAgQMAA4AcIECBAgAABAgQIECBAgAABAgQIECBAgEBQwAAQLFUkAgQIECBAgAABAgQIECBAgAABAgQIECBgAPADBAgQIECAAAECBAgQIECAAAECBAgQIEAgKGAACJYqEgECBAgQIECAAAECBAgQIECAAAECBAgQMAD4AQIECBAgQIAAAQIECBAgQIAAAQIECBAgEBQwAARLFYkAAQIECBAgQIAAAQIECBAgQIAAAQIECBgA\/AABAgQIECBAgAABAgQIECBAgAABAgQIEAgKGACCpYpEgAABAgQIECBAgAABAgQIECBAgAABAgQMAH6AAAECBAgQIECAAAECBAgQIECAAAECBAgEBQwAwVJFIkCAAAECBAgQIECAAAECBAgQIECAAAECBgA\/QIAAAQIECBAgQIAAAQIECBAgQIAAAQIEggIGgGCpIhEgQIAAAQIECBAgQIAAAQIECBAgQIAAAQOAHyBAgAABAgQIECBAgAABAgQIECBAgAABAkEBA0CwVJEIECBAgAABAgQIECBAgAABAgQIECBAgIABwA8QIECAAAECBAgQIECAAAECBAgQIECAAIGggAEgWKpIBAgQIECAAAECBAgQIECAAAECBAgQIEDAAOAHCBAgQIAAAQIECBAgQIAAAQIECBAgQIBAUMAAECxVJAIECBAgQIAAAQIECBAgQIAAAQIECBAgYADwAwQIECBAgAABAgQIECBAgAABAgQIECBAIChgAAiWKhIBAgQIECBAgAABAgQIECBAgAABAgQIEDAA+AECBAgQIECAAAECBAgQIECAAAECBAgQIBAUMAAESxWJAAECBAgQIECAAAECBAgQIECAAAECBAgYAPwAAQIECBAgQIAAAQIECBAgQIAAAQIECBAIChgAgqWKRIAAAQIECBAgQIAAAQIECBAgQIAAAQIEDAB+gAABAgQIECBAgAABAgQIECBAgAABAgQIBAUMAMFSRSJAgAABAgQIECBAgAABAgQIECBAgAABAgYAP0CAAAECBAgQIECAAAECBAgQIECAAAECBIICBoBgqSIRIECAAAECBAgQIECAAAECBAgQIECAAAEDgB8gQIAAAQIECBAgQIAAAQIECBAgQIAAAQJBAQNAsFSRCBAgQIAAAQIECBAgQIAAAQIECBAgQICAAcAPECBAgAABAgQIECBAgAABAgQIECBAgACBoIABIFiqSAQIECBAgAABAgQIECBAgAABAgQIECBAwADgBwgQIECAAAECBAgQIECAAAECBAgQIECAQFDAABAsVSQCBAgQIECAAAECBAgQIECAAAECBAgQIGAA8AMECBAgQIAAAQIECBAgQIAAAQIECBAgQCAoYAAIlioSAQIECBAgQIAAAQIECBAgQIAAAQIECBAwAPgBAgQIECBAgAABAgQIECBAgAABAgQIECAQFDAABEsViQABAgQIECBAgAABAgQIECBAgAABAgQIGAD8AAECBAgQIECAAAECBAgQIECAAAECBAgQCAoYAIKlikSAAAECBAgQIECAAAECBAgQIECAAAECBAwAfoAAAQIECBAgQIAAAQIECBAgQIAAAQIECAQFDADBUkUiQIAAAQIECBAgQIAAAQIECBAgQIAAAQIGAD9AgAABAgQIECBAgAABAgQIECBAgAABAgSCAgaAYKkiESBAgAABAgQIECBAgAABAgQIECBAgAABA4AfIECAAAECBAgQIECAAAECBAgQIECAAAECQQEDQLBUkQgQIECAAAECBAgQIECAAAECBAgQIECAgAHADxAgQIAAAQIECBAgQIAAAQIECBAgQIAAgaCAASBYqkgECBAgQIAAAQIECBAgQIAAAQIECBAgQMAA4AcIECBAgAABAgQIECBAgAABAgQIECBAgEBQwAAQLFUkAgQIECBAgAABAgQIECBAgAABAgQIECBgAPADBAgQIECAAAECBAgQIECAAAECBAgQIEAgKGAACJYqEgECBAgQIECAAAECBAgQIECAAAECBAgQMAD4AQIECBAgQIAAAQIECBAgQIAAAQIECBAgEBQwAARLFYkAAQIECBAgQIAAAQIECBAgQIAAAQIECBgA\/AABAgQIECBAgAABAgQIECBAgAABAgQIEAgKGACCpYpEgAABAgQIECBAgAABAgQIECBAgAABAgQMAH6AAAECBAgQIECAAAECBAgQIECAAAECBAgEBQwAwVJFIkCAAAECBAgQIECAAAECBAgQIECAAAECBgA\/QIAAAQIECBAgQIAAAQIECBAgQIAAAQIEggIGgGCpIhEgQIAAAQIECBAgQIAAAQIECBAgQIAAAQOAHyBAgAABAgQIECBAgAABAgQIECBAgAABAkEBA0CwVJEIECBAgAABAgQIECBAgAABAgQIECBAgIABwA8QIECAAAECBAgQIECAAAECBAgQIECAAIGggAEgWKpIBAgQIECAAAECBAgQIECAAAECBAgQIEDAAOAHCBAgQIAAAQIECBAgQIAAAQIECBAgQIBAUMAAECxVJAIECBAgQIAAAQIECBAgQIAAAQIECBAgYADwAwQIECBAgAABAgQIECBAgAABAgQIECBAIChgAAiWKhIBAgQIECBAgAABAgQIECBAgAABAgQIEDAA+AECBAgQIECAAAECBAgQIECAAAECBAgQIBAUMAAESxWJAAECBAgQIECAAAECBAgQIECAAAECBAgYAPwAAQIECBAgQIAAAQIECBAgQIAAAQIECBAIChgAgqWKRIAAAQIECBAgQIAAAQIECBAgQIAAAQIEDAB+gAABAgQIECBAgAABAgQIECBAgAABAgQIBAUMAMFSRSJAgAABAgQIECBAgAABAgQIECBAgAABAg8AAP\/\/PZbG4QAACc9JREFU7dlBEQAACAJB+5fGHjdrAxZ\/3BwBAgQIECBAgAABAgQIECBAgAABAgQIECCQE7hcIoEIECBAgAABAgQIECBAgAABAgQIECBAgACBGQA8AQECBAgQIECAAAECBAgQIECAAAECBAgQCAoYAIKlikSAAAECBAgQIECAAAECBAgQIECAAAECBAwAfoAAAQIECBAgQIAAAQIECBAgQIAAAQIECAQFDADBUkUiQIAAAQIECBAgQIAAAQIECBAgQIAAAQIGAD9AgAABAgQIECBAgAABAgQIECBAgAABAgSCAgaAYKkiESBAgAABAgQIECBAgAABAgQIECBAgAABA4AfIECAAAECBAgQIECAAAECBAgQIECAAAECQQEDQLBUkQgQIECAAAECBAgQIECAAAECBAgQIECAgAHADxAgQIAAAQIECBAgQIAAAQIECBAgQIAAgaCAASBYqkgECBAgQIAAAQIECBAgQIAAAQIECBAgQMAA4AcIECBAgAABAgQIECBAgAABAgQIECBAgEBQwAAQLFUkAgQIECBAgAABAgQIECBAgAABAgQIECBgAPADBAgQIECAAAECBAgQIECAAAECBAgQIEAgKGAACJYqEgECBAgQIECAAAECBAgQIECAAAECBAgQMAD4AQIECBAgQIAAAQIECBAgQIAAAQIECBAgEBQwAARLFYkAAQIECBAgQIAAAQIECBAgQIAAAQIECBgA\/AABAgQIECBAgAABAgQIECBAgAABAgQIEAgKGACCpYpEgAABAgQIECBAgAABAgQIECBAgAABAgQMAH6AAAECBAgQIECAAAECBAgQIECAAAECBAgEBQwAwVJFIkCAAAECBAgQIECAAAECBAgQIECAAAECBgA\/QIAAAQIECBAgQIAAAQIECBAgQIAAAQIEggIGgGCpIhEgQIAAAQIECBAgQIAAAQIECBAgQIAAAQOAHyBAgAABAgQIECBAgAABAgQIECBAgAABAkEBA0CwVJEIECBAgAABAgQIECBAgAABAgQIECBAgIABwA8QIECAAAECBAgQIECAAAECBAgQIECAAIGggAEgWKpIBAgQIECAAAECBAgQIECAAAECBAgQIEDAAOAHCBAgQIAAAQIECBAgQIAAAQIECBAgQIBAUMAAECxVJAIECBAgQIAAAQIECBAgQIAAAQIECBAgYADwAwQIECBAgAABAgQIECBAgAABAgQIECBAIChgAAiWKhIBAgQIECBAgAABAgQIECBAgAABAgQIEDAA+AECBAgQIECAAAECBAgQIECAAAECBAgQIBAUMAAESxWJAAECBAgQIECAAAECBAgQIECAAAECBAgYAPwAAQIECBAgQIAAAQIECBAgQIAAAQIECBAIChgAgqWKRIAAAQIECBAgQIAAAQIECBAgQIAAAQIEDAB+gAABAgQIECBAgAABAgQIECBAgAABAgQIBAUMAMFSRSJAgAABAgQIECBAgAABAgQIECBAgAABAgYAP0CAAAECBAgQIECAAAECBAgQIECAAAECBIICBoBgqSIRIECAAAECBAgQIECAAAECBAgQIECAAAEDgB8gQIAAAQIECBAgQIAAAQIECBAgQIAAAQJBAQNAsFSRCBAgQIAAAQIECBAgQIAAAQIECBAgQICAAcAPECBAgAABAgQIECBAgAABAgQIECBAgACBoIABIFiqSAQIECBAgAABAgQIECBAgAABAgQIECBAwADgBwgQIECAAAECBAgQIECAAAECBAgQIECAQFDAABAsVSQCBAgQIECAAAECBAgQIECAAAECBAgQIGAA8AMECBAgQIAAAQIECBAgQIAAAQIECBAgQCAoYAAIlioSAQIECBAgQIAAAQIECBAgQIAAAQIECBAwAPgBAgQIECBAgAABAgQIECBAgAABAgQIECAQFDAABEsViQABAgQIECBAgAABAgQIECBAgAABAgQIGAD8AAECBAgQIECAAAECBAgQIECAAAECBAgQCAoYAIKlikSAAAECBAgQIECAAAECBAgQIECAAAECBAwAfoAAAQIECBAgQIAAAQIECBAgQIAAAQIECAQFDADBUkUiQIAAAQIECBAgQIAAAQIECBAgQIAAAQIGAD9AgAABAgQIECBAgAABAgQIECBAgAABAgSCAgaAYKkiESBAgAABAgQIECBAgAABAgQIECBAgAABA4AfIECAAAECBAgQIECAAAECBAgQIECAAAECQQEDQLBUkQgQIECAAAECBAgQIECAAAECBAgQIECAgAHADxAgQIAAAQIECBAgQIAAAQIECBAgQIAAgaCAASBYqkgECBAgQIAAAQIECBAgQIAAAQIECBAgQMAA4AcIECBAgAABAgQIECBAgAABAgQIECBAgEBQwAAQLFUkAgQIECBAgAABAgQIECBAgAABAgQIECBgAPADBAgQIECAAAECBAgQIECAAAECBAgQIEAgKGAACJYqEgECBAgQIECAAAECBAgQIECAAAECBAgQMAD4AQIECBAgQIAAAQIECBAgQIAAAQIECBAgEBQwAARLFYkAAQIECBAgQIAAAQIECBAgQIAAAQIECBgA\/AABAgQIECBAgAABAgQIECBAgAABAgQIEAgKGACCpYpEgAABAgQIECBAgAABAgQIECBAgAABAgQMAH6AAAECBAgQIECAAAECBAgQIECAAAECBAgEBQwAwVJFIkCAAAECBAgQIECAAAECBAgQIECAAAECBgA\/QIAAAQIECBAgQIAAAQIECBAgQIAAAQIEggIGgGCpIhEgQIAAAQIECBAgQIAAAQIECBAgQIAAAQOAHyBAgAABAgQIECBAgAABAgQIECBAgAABAkEBA0CwVJEIECBAgAABAgQIECBAgAABAgQIECBAgIABwA8QIECAAAECBAgQIECAAAECBAgQIECAAIGggAEgWKpIBAgQIECAAAECBAgQIECAAAECBAgQIEDAAOAHCBAgQIAAAQIECBAgQIAAAQIECBAgQIBAUMAAECxVJAIECBAgQIAAAQIECBAgQIAAAQIECBAgYADwAwQIECBAgAABAgQIECBAgAABAgQIECBAIChgAAiWKhIBAgQIECBAgAABAgQIECBAgAABAgQIEDAA+AECBAgQIECAAAECBAgQIECAAAECBAgQIBAUMAAESxWJAAECBAgQIECAAAECBAgQIECAAAECBAgYAPwAAQIECBAgQIAAAQIECBAgQIAAAQIECBAIChgAgqWKRIAAAQIECBAgQIAAAQIECBAgQIAAAQIEDAB+gAABAgQIECBAgAABAgQIECBAgAABAgQIBAUMAMFSRSJAgAABAgQIECBAgAABAgQIECBAgAABAg8QhNDxK1\/9kgAAAABJRU5ErkJggg==\" alt=\"Attachment.png\" class=\"lazyload\" \/><\/span><\/p>\n","protected":false},"excerpt":{"rendered":"<p>Tam kal\u0131pt\u0131r Modelde S beden kullan\u0131lm\u0131\u015ft\u0131r Model boy 160 kilo 50<\/p>\n","protected":false},"featured_media":2475,"comment_status":"open","ping_status":"closed","template":"","meta":[],"product_brand":[],"product_cat":[329,278],"product_tag":[],"class_list":{"0":"post-2469","1":"product","2":"type-product","3":"status-publish","4":"has-post-thumbnail","6":"product_cat-en-cok-satanlar","7":"product_cat-takim","9":"first","10":"instock","11":"sale","12":"taxable","13":"shipping-taxable","14":"purchasable","15":"product-type-variable"},"yoast_head":"<!-- This site is optimized with the Yoast SEO Premium plugin v25.7.1 (Yoast SEO v27.2) - https:\/\/yoast.com\/product\/yoast-seo-premium-wordpress\/ -->\n<title>Crop Ve Etekli Tak\u0131m - Lemon \ud83d\udc9b Al, Giy, Sev<\/title>\n<meta name=\"robots\" content=\"index, follow, max-snippet:-1, max-image-preview:large, max-video-preview:-1\" \/>\n<link rel=\"canonical\" href=\"https:\/\/lemonbutik.com\/index.php\/urun\/crop-ve-etekli-takim\/\" \/>\n<meta property=\"og:locale\" content=\"tr_TR\" \/>\n<meta property=\"og:type\" content=\"article\" \/>\n<meta property=\"og:title\" content=\"Crop Ve Etekli Tak\u0131m\" \/>\n<meta property=\"og:description\" content=\"Tam kal\u0131pt\u0131r Modelde S beden kullan\u0131lm\u0131\u015ft\u0131r Model boy 160 kilo 50\" \/>\n<meta property=\"og:url\" content=\"https:\/\/lemonbutik.com\/index.php\/urun\/crop-ve-etekli-takim\/\" \/>\n<meta property=\"og:site_name\" content=\"Lemon \ud83d\udc9b Al, Giy, Sev\" \/>\n<meta property=\"article:modified_time\" content=\"2025-08-25T14:13:52+00:00\" \/>\n<meta property=\"og:image\" content=\"https:\/\/lemonbutik.com\/wp-content\/uploads\/2025\/08\/9fa53290-e29d-4d88-8158-d13346ef9887.jpeg\" \/>\n\t<meta property=\"og:image:width\" content=\"1080\" \/>\n\t<meta property=\"og:image:height\" content=\"1171\" \/>\n\t<meta property=\"og:image:type\" content=\"image\/jpeg\" \/>\n<meta name=\"twitter:card\" content=\"summary_large_image\" \/>\n<meta name=\"twitter:label1\" content=\"Durumu\" \/>\n\t<meta name=\"twitter:data1\" content=\"Stokta var\" \/>\n<script type=\"application\/ld+json\" class=\"yoast-schema-graph\">{\"@context\":\"https:\/\/schema.org\",\"@graph\":[{\"@type\":\"WebPage\",\"@id\":\"https:\/\/lemonbutik.com\/index.php\/urun\/crop-ve-etekli-takim\/\",\"url\":\"https:\/\/lemonbutik.com\/index.php\/urun\/crop-ve-etekli-takim\/\",\"name\":\"Crop Ve Etekli Tak\u0131m - Lemon \ud83d\udc9b Al, Giy, Sev\",\"isPartOf\":{\"@id\":\"https:\/\/lemonbutik.com\/#website\"},\"primaryImageOfPage\":{\"@id\":\"https:\/\/lemonbutik.com\/index.php\/urun\/crop-ve-etekli-takim\/#primaryimage\"},\"image\":{\"@id\":\"https:\/\/lemonbutik.com\/index.php\/urun\/crop-ve-etekli-takim\/#primaryimage\"},\"thumbnailUrl\":\"https:\/\/lemonbutik.com\/wp-content\/uploads\/2025\/08\/9fa53290-e29d-4d88-8158-d13346ef9887.jpeg\",\"datePublished\":\"2025-08-25T10:43:54+00:00\",\"dateModified\":\"2025-08-25T14:13:52+00:00\",\"breadcrumb\":{\"@id\":\"https:\/\/lemonbutik.com\/index.php\/urun\/crop-ve-etekli-takim\/#breadcrumb\"},\"inLanguage\":\"tr\",\"potentialAction\":[{\"@type\":\"ReadAction\",\"target\":[\"https:\/\/lemonbutik.com\/index.php\/urun\/crop-ve-etekli-takim\/\"]}]},{\"@type\":\"ImageObject\",\"inLanguage\":\"tr\",\"@id\":\"https:\/\/lemonbutik.com\/index.php\/urun\/crop-ve-etekli-takim\/#primaryimage\",\"url\":\"https:\/\/lemonbutik.com\/wp-content\/uploads\/2025\/08\/9fa53290-e29d-4d88-8158-d13346ef9887.jpeg\",\"contentUrl\":\"https:\/\/lemonbutik.com\/wp-content\/uploads\/2025\/08\/9fa53290-e29d-4d88-8158-d13346ef9887.jpeg\",\"width\":1080,\"height\":1171},{\"@type\":\"BreadcrumbList\",\"@id\":\"https:\/\/lemonbutik.com\/index.php\/urun\/crop-ve-etekli-takim\/#breadcrumb\",\"itemListElement\":[{\"@type\":\"ListItem\",\"position\":1,\"name\":\"Home\",\"item\":\"https:\/\/lemonbutik.com\/\"},{\"@type\":\"ListItem\",\"position\":2,\"name\":\"Shop\",\"item\":\"https:\/\/lemonbutik.com\/index.php\/shop-2\/\"},{\"@type\":\"ListItem\",\"position\":3,\"name\":\"Crop Ve Etekli Tak\u0131m\"}]},{\"@type\":\"WebSite\",\"@id\":\"https:\/\/lemonbutik.com\/#website\",\"url\":\"https:\/\/lemonbutik.com\/\",\"name\":\"Lemon \ud83d\udc9b Al, Giy, Sev\",\"description\":\"\",\"publisher\":{\"@id\":\"https:\/\/lemonbutik.com\/#organization\"},\"potentialAction\":[{\"@type\":\"SearchAction\",\"target\":{\"@type\":\"EntryPoint\",\"urlTemplate\":\"https:\/\/lemonbutik.com\/?s={search_term_string}\"},\"query-input\":{\"@type\":\"PropertyValueSpecification\",\"valueRequired\":true,\"valueName\":\"search_term_string\"}}],\"inLanguage\":\"tr\"},{\"@type\":[\"Organization\",\"Place\",\"ClothingStore\"],\"@id\":\"https:\/\/lemonbutik.com\/#organization\",\"name\":\"Lemon Butik\",\"alternateName\":\"Lemon\",\"url\":\"https:\/\/lemonbutik.com\/\",\"logo\":{\"@id\":\"https:\/\/lemonbutik.com\/index.php\/urun\/crop-ve-etekli-takim\/#local-main-organization-logo\"},\"image\":{\"@id\":\"https:\/\/lemonbutik.com\/index.php\/urun\/crop-ve-etekli-takim\/#local-main-organization-logo\"},\"address\":{\"@id\":\"https:\/\/lemonbutik.com\/index.php\/urun\/crop-ve-etekli-takim\/#local-main-place-address\"},\"telephone\":[\"+905338334489\"],\"contactPoint\":{\"@type\":\"ContactPoint\",\"email\":\"iletisim@lemonbutik.com\"},\"openingHoursSpecification\":[{\"@type\":\"OpeningHoursSpecification\",\"dayOfWeek\":[\"Monday\",\"Tuesday\",\"Wednesday\",\"Thursday\",\"Friday\",\"Saturday\",\"Sunday\"],\"opens\":\"10:30\",\"closes\":\"21:00\"}],\"email\":\"iletisim@lemonbutik.com\",\"areaServed\":\"Kad\u0131n Giyim\",\"currenciesAccepted\":\"TL\",\"paymentAccepted\":\"Kap\u0131da \u00d6deme\"},{\"@type\":\"PostalAddress\",\"@id\":\"https:\/\/lemonbutik.com\/index.php\/urun\/crop-ve-etekli-takim\/#local-main-place-address\",\"streetAddress\":\"Emek Apartman\u0131 No: 1B \u015eehit Metin S\u00fcl\u00fc\u015f Sokak A\u015fa\u011f\u0131 Girne Mahallesi Girne, Kuzey K\u0131br\u0131s T\u00fcrk Cumhuriyeti\",\"addressLocality\":\"Girne\",\"postalCode\":\"99300\",\"addressRegion\":\"Girne\",\"addressCountry\":\"CY\"},{\"@type\":\"ImageObject\",\"inLanguage\":\"tr\",\"@id\":\"https:\/\/lemonbutik.com\/index.php\/urun\/crop-ve-etekli-takim\/#local-main-organization-logo\",\"url\":\"https:\/\/lemonbutik.com\/wp-content\/uploads\/2025\/08\/cropped-rev-removebg-preview_upscayl_2x_digital-art-4x-1.webp\",\"contentUrl\":\"https:\/\/lemonbutik.com\/wp-content\/uploads\/2025\/08\/cropped-rev-removebg-preview_upscayl_2x_digital-art-4x-1.webp\",\"width\":512,\"height\":512,\"caption\":\"Lemon Butik\"}]}<\/script>\n<meta property=\"og:availability\" content=\"instock\" \/>\n<meta property=\"product:availability\" content=\"instock\" \/>\n<meta property=\"product:condition\" content=\"new\" \/>\n<meta name=\"geo.placename\" content=\"Girne\" \/>\n<meta name=\"geo.region\" content=\"K\u0131br\u0131s\" \/>\n<!-- \/ Yoast SEO Premium plugin. -->","yoast_head_json":{"title":"Crop Ve Etekli Tak\u0131m - Lemon \ud83d\udc9b Al, Giy, Sev","robots":{"index":"index","follow":"follow","max-snippet":"max-snippet:-1","max-image-preview":"max-image-preview:large","max-video-preview":"max-video-preview:-1"},"canonical":"https:\/\/lemonbutik.com\/index.php\/urun\/crop-ve-etekli-takim\/","og_locale":"tr_TR","og_type":"article","og_title":"Crop Ve Etekli Tak\u0131m","og_description":"Tam kal\u0131pt\u0131r Modelde S beden kullan\u0131lm\u0131\u015ft\u0131r Model boy 160 kilo 50","og_url":"https:\/\/lemonbutik.com\/index.php\/urun\/crop-ve-etekli-takim\/","og_site_name":"Lemon \ud83d\udc9b Al, Giy, Sev","article_modified_time":"2025-08-25T14:13:52+00:00","og_image":[{"width":1080,"height":1171,"url":"https:\/\/lemonbutik.com\/wp-content\/uploads\/2025\/08\/9fa53290-e29d-4d88-8158-d13346ef9887.jpeg","type":"image\/jpeg"}],"twitter_card":"summary_large_image","twitter_misc":{"Durumu":"Stokta var"},"schema":{"@context":"https:\/\/schema.org","@graph":[{"@type":"WebPage","@id":"https:\/\/lemonbutik.com\/index.php\/urun\/crop-ve-etekli-takim\/","url":"https:\/\/lemonbutik.com\/index.php\/urun\/crop-ve-etekli-takim\/","name":"Crop Ve Etekli Tak\u0131m - Lemon \ud83d\udc9b Al, Giy, Sev","isPartOf":{"@id":"https:\/\/lemonbutik.com\/#website"},"primaryImageOfPage":{"@id":"https:\/\/lemonbutik.com\/index.php\/urun\/crop-ve-etekli-takim\/#primaryimage"},"image":{"@id":"https:\/\/lemonbutik.com\/index.php\/urun\/crop-ve-etekli-takim\/#primaryimage"},"thumbnailUrl":"https:\/\/lemonbutik.com\/wp-content\/uploads\/2025\/08\/9fa53290-e29d-4d88-8158-d13346ef9887.jpeg","datePublished":"2025-08-25T10:43:54+00:00","dateModified":"2025-08-25T14:13:52+00:00","breadcrumb":{"@id":"https:\/\/lemonbutik.com\/index.php\/urun\/crop-ve-etekli-takim\/#breadcrumb"},"inLanguage":"tr","potentialAction":[{"@type":"ReadAction","target":["https:\/\/lemonbutik.com\/index.php\/urun\/crop-ve-etekli-takim\/"]}]},{"@type":"ImageObject","inLanguage":"tr","@id":"https:\/\/lemonbutik.com\/index.php\/urun\/crop-ve-etekli-takim\/#primaryimage","url":"https:\/\/lemonbutik.com\/wp-content\/uploads\/2025\/08\/9fa53290-e29d-4d88-8158-d13346ef9887.jpeg","contentUrl":"https:\/\/lemonbutik.com\/wp-content\/uploads\/2025\/08\/9fa53290-e29d-4d88-8158-d13346ef9887.jpeg","width":1080,"height":1171},{"@type":"BreadcrumbList","@id":"https:\/\/lemonbutik.com\/index.php\/urun\/crop-ve-etekli-takim\/#breadcrumb","itemListElement":[{"@type":"ListItem","position":1,"name":"Home","item":"https:\/\/lemonbutik.com\/"},{"@type":"ListItem","position":2,"name":"Shop","item":"https:\/\/lemonbutik.com\/index.php\/shop-2\/"},{"@type":"ListItem","position":3,"name":"Crop Ve Etekli Tak\u0131m"}]},{"@type":"WebSite","@id":"https:\/\/lemonbutik.com\/#website","url":"https:\/\/lemonbutik.com\/","name":"Lemon \ud83d\udc9b Al, Giy, Sev","description":"","publisher":{"@id":"https:\/\/lemonbutik.com\/#organization"},"potentialAction":[{"@type":"SearchAction","target":{"@type":"EntryPoint","urlTemplate":"https:\/\/lemonbutik.com\/?s={search_term_string}"},"query-input":{"@type":"PropertyValueSpecification","valueRequired":true,"valueName":"search_term_string"}}],"inLanguage":"tr"},{"@type":["Organization","Place","ClothingStore"],"@id":"https:\/\/lemonbutik.com\/#organization","name":"Lemon Butik","alternateName":"Lemon","url":"https:\/\/lemonbutik.com\/","logo":{"@id":"https:\/\/lemonbutik.com\/index.php\/urun\/crop-ve-etekli-takim\/#local-main-organization-logo"},"image":{"@id":"https:\/\/lemonbutik.com\/index.php\/urun\/crop-ve-etekli-takim\/#local-main-organization-logo"},"address":{"@id":"https:\/\/lemonbutik.com\/index.php\/urun\/crop-ve-etekli-takim\/#local-main-place-address"},"telephone":["+905338334489"],"contactPoint":{"@type":"ContactPoint","email":"iletisim@lemonbutik.com"},"openingHoursSpecification":[{"@type":"OpeningHoursSpecification","dayOfWeek":["Monday","Tuesday","Wednesday","Thursday","Friday","Saturday","Sunday"],"opens":"10:30","closes":"21:00"}],"email":"iletisim@lemonbutik.com","areaServed":"Kad\u0131n Giyim","currenciesAccepted":"TL","paymentAccepted":"Kap\u0131da \u00d6deme"},{"@type":"PostalAddress","@id":"https:\/\/lemonbutik.com\/index.php\/urun\/crop-ve-etekli-takim\/#local-main-place-address","streetAddress":"Emek Apartman\u0131 No: 1B \u015eehit Metin S\u00fcl\u00fc\u015f Sokak A\u015fa\u011f\u0131 Girne Mahallesi Girne, Kuzey K\u0131br\u0131s T\u00fcrk Cumhuriyeti","addressLocality":"Girne","postalCode":"99300","addressRegion":"Girne","addressCountry":"CY"},{"@type":"ImageObject","inLanguage":"tr","@id":"https:\/\/lemonbutik.com\/index.php\/urun\/crop-ve-etekli-takim\/#local-main-organization-logo","url":"https:\/\/lemonbutik.com\/wp-content\/uploads\/2025\/08\/cropped-rev-removebg-preview_upscayl_2x_digital-art-4x-1.webp","contentUrl":"https:\/\/lemonbutik.com\/wp-content\/uploads\/2025\/08\/cropped-rev-removebg-preview_upscayl_2x_digital-art-4x-1.webp","width":512,"height":512,"caption":"Lemon Butik"}]},"og_availability":"instock","product_availability":"instock","product_condition":"new","geo.placename":"Girne","geo.region":"K\u0131br\u0131s"},"jetpack_sharing_enabled":true,"_links":{"self":[{"href":"https:\/\/lemonbutik.com\/index.php\/wp-json\/wp\/v2\/product\/2469","targetHints":{"allow":["GET"]}}],"collection":[{"href":"https:\/\/lemonbutik.com\/index.php\/wp-json\/wp\/v2\/product"}],"about":[{"href":"https:\/\/lemonbutik.com\/index.php\/wp-json\/wp\/v2\/types\/product"}],"replies":[{"embeddable":true,"href":"https:\/\/lemonbutik.com\/index.php\/wp-json\/wp\/v2\/comments?post=2469"}],"wp:featuredmedia":[{"embeddable":true,"href":"https:\/\/lemonbutik.com\/index.php\/wp-json\/wp\/v2\/media\/2475"}],"wp:attachment":[{"href":"https:\/\/lemonbutik.com\/index.php\/wp-json\/wp\/v2\/media?parent=2469"}],"wp:term":[{"taxonomy":"product_brand","embeddable":true,"href":"https:\/\/lemonbutik.com\/index.php\/wp-json\/wp\/v2\/product_brand?post=2469"},{"taxonomy":"product_cat","embeddable":true,"href":"https:\/\/lemonbutik.com\/index.php\/wp-json\/wp\/v2\/product_cat?post=2469"},{"taxonomy":"product_tag","embeddable":true,"href":"https:\/\/lemonbutik.com\/index.php\/wp-json\/wp\/v2\/product_tag?post=2469"}],"curies":[{"name":"wp","href":"https:\/\/api.w.org\/{rel}","templated":true}]}}