{"id":2443,"date":"2025-08-25T10:34:53","date_gmt":"2025-08-25T10:34:53","guid":{"rendered":"https:\/\/lemonbutik.com\/?post_type=product&#038;p=2443"},"modified":"2025-08-25T10:34:54","modified_gmt":"2025-08-25T10:34:54","slug":"kirmizi-biber-baskili-basic-beyaz-crop-tisort","status":"publish","type":"product","link":"https:\/\/lemonbutik.com\/index.php\/urun\/kirmizi-biber-baskili-basic-beyaz-crop-tisort\/","title":{"rendered":"K\u0131rm\u0131z\u0131 Biber Bask\u0131l\u0131 Basic Beyaz Crop Ti\u015f\u00f6rt"},"content":{"rendered":"<p><strong>\u00dcr\u00fcn Boyu:<\/strong>\u00a048cm (\u00a0Bedenler aras\u0131 1-3 cm farkl\u0131l\u0131k g\u00f6sterebilir )<br \/>\n<strong>Model \u00d6l\u00e7\u00fcleri:<\/strong><\/p>\n<p><strong>Boy :<\/strong> 165\u00a0cm<br \/>\n<strong>Kilo :<\/strong> 50\u00a0kg<br \/>\n<strong>Bel : <\/strong>61 cm<br \/>\n<strong>Basen :<\/strong> 88 cm<br \/>\n<strong>G\u00f6\u011f\u00fcs :<\/strong> 75B<\/p>\n<p>\u00c7ekimde <strong>S\u00a0<\/strong>Beden Kullan\u0131lm\u0131\u015ft\u0131r.<\/p>\n","protected":false},"excerpt":{"rendered":"<p>K\u0131rm\u0131z\u0131 Biber Bask\u0131l\u0131 Basic Beyaz Crop Ti\u015f\u00f6rt<\/p>\n","protected":false},"featured_media":2407,"comment_status":"open","ping_status":"closed","template":"","meta":[],"product_brand":[],"product_cat":[279],"product_tag":[],"class_list":{"0":"post-2443","1":"product","2":"type-product","3":"status-publish","4":"has-post-thumbnail","6":"product_cat-crop","8":"first","9":"instock","10":"taxable","11":"shipping-taxable","12":"purchasable","13":"product-type-variable"},"yoast_head":"<!-- This site is optimized with the Yoast SEO Premium plugin v25.7.1 (Yoast SEO v27.2) - https:\/\/yoast.com\/product\/yoast-seo-premium-wordpress\/ -->\n<title>K\u0131rm\u0131z\u0131 Biber Bask\u0131l\u0131 Basic Beyaz Crop Ti\u015f\u00f6rt - Lemon \ud83d\udc9b Al, Giy, Sev<\/title>\n<meta name=\"robots\" content=\"index, follow, max-snippet:-1, max-image-preview:large, max-video-preview:-1\" \/>\n<link rel=\"canonical\" href=\"https:\/\/lemonbutik.com\/index.php\/urun\/kirmizi-biber-baskili-basic-beyaz-crop-tisort\/\" \/>\n<meta property=\"og:locale\" content=\"tr_TR\" \/>\n<meta property=\"og:type\" content=\"article\" \/>\n<meta property=\"og:title\" content=\"K\u0131rm\u0131z\u0131 Biber Bask\u0131l\u0131 Basic Beyaz Crop Ti\u015f\u00f6rt\" \/>\n<meta property=\"og:description\" content=\"K\u0131rm\u0131z\u0131 Biber Bask\u0131l\u0131 Basic Beyaz Crop Ti\u015f\u00f6rt\" \/>\n<meta property=\"og:url\" content=\"https:\/\/lemonbutik.com\/index.php\/urun\/kirmizi-biber-baskili-basic-beyaz-crop-tisort\/\" \/>\n<meta property=\"og:site_name\" content=\"Lemon \ud83d\udc9b Al, Giy, Sev\" \/>\n<meta property=\"article:modified_time\" content=\"2025-08-25T10:34:54+00:00\" \/>\n<meta property=\"og:image\" content=\"https:\/\/lemonbutik.com\/wp-content\/uploads\/2025\/08\/IMG_3655-scaled.jpeg\" \/>\n\t<meta property=\"og:image:width\" content=\"1920\" \/>\n\t<meta property=\"og:image:height\" content=\"2560\" \/>\n\t<meta property=\"og:image:type\" content=\"image\/jpeg\" \/>\n<meta name=\"twitter:card\" content=\"summary_large_image\" \/>\n<meta name=\"twitter:label1\" content=\"Durumu\" \/>\n\t<meta name=\"twitter:data1\" content=\"Stokta var\" \/>\n<script type=\"application\/ld+json\" class=\"yoast-schema-graph\">{\"@context\":\"https:\/\/schema.org\",\"@graph\":[{\"@type\":\"WebPage\",\"@id\":\"https:\/\/lemonbutik.com\/index.php\/urun\/kirmizi-biber-baskili-basic-beyaz-crop-tisort\/\",\"url\":\"https:\/\/lemonbutik.com\/index.php\/urun\/kirmizi-biber-baskili-basic-beyaz-crop-tisort\/\",\"name\":\"K\u0131rm\u0131z\u0131 Biber Bask\u0131l\u0131 Basic Beyaz Crop Ti\u015f\u00f6rt - Lemon \ud83d\udc9b Al, Giy, Sev\",\"isPartOf\":{\"@id\":\"https:\/\/lemonbutik.com\/#website\"},\"primaryImageOfPage\":{\"@id\":\"https:\/\/lemonbutik.com\/index.php\/urun\/kirmizi-biber-baskili-basic-beyaz-crop-tisort\/#primaryimage\"},\"image\":{\"@id\":\"https:\/\/lemonbutik.com\/index.php\/urun\/kirmizi-biber-baskili-basic-beyaz-crop-tisort\/#primaryimage\"},\"thumbnailUrl\":\"https:\/\/lemonbutik.com\/wp-content\/uploads\/2025\/08\/IMG_3655-scaled.jpeg\",\"datePublished\":\"2025-08-25T10:34:53+00:00\",\"dateModified\":\"2025-08-25T10:34:54+00:00\",\"breadcrumb\":{\"@id\":\"https:\/\/lemonbutik.com\/index.php\/urun\/kirmizi-biber-baskili-basic-beyaz-crop-tisort\/#breadcrumb\"},\"inLanguage\":\"tr\",\"potentialAction\":[{\"@type\":\"ReadAction\",\"target\":[\"https:\/\/lemonbutik.com\/index.php\/urun\/kirmizi-biber-baskili-basic-beyaz-crop-tisort\/\"]}]},{\"@type\":\"ImageObject\",\"inLanguage\":\"tr\",\"@id\":\"https:\/\/lemonbutik.com\/index.php\/urun\/kirmizi-biber-baskili-basic-beyaz-crop-tisort\/#primaryimage\",\"url\":\"https:\/\/lemonbutik.com\/wp-content\/uploads\/2025\/08\/IMG_3655-scaled.jpeg\",\"contentUrl\":\"https:\/\/lemonbutik.com\/wp-content\/uploads\/2025\/08\/IMG_3655-scaled.jpeg\",\"width\":1920,\"height\":2560},{\"@type\":\"BreadcrumbList\",\"@id\":\"https:\/\/lemonbutik.com\/index.php\/urun\/kirmizi-biber-baskili-basic-beyaz-crop-tisort\/#breadcrumb\",\"itemListElement\":[{\"@type\":\"ListItem\",\"position\":1,\"name\":\"Home\",\"item\":\"https:\/\/lemonbutik.com\/\"},{\"@type\":\"ListItem\",\"position\":2,\"name\":\"Shop\",\"item\":\"https:\/\/lemonbutik.com\/index.php\/shop-2\/\"},{\"@type\":\"ListItem\",\"position\":3,\"name\":\"K\u0131rm\u0131z\u0131 Biber Bask\u0131l\u0131 Basic Beyaz Crop Ti\u015f\u00f6rt\"}]},{\"@type\":\"WebSite\",\"@id\":\"https:\/\/lemonbutik.com\/#website\",\"url\":\"https:\/\/lemonbutik.com\/\",\"name\":\"Lemon \ud83d\udc9b Al, Giy, Sev\",\"description\":\"\",\"publisher\":{\"@id\":\"https:\/\/lemonbutik.com\/#organization\"},\"potentialAction\":[{\"@type\":\"SearchAction\",\"target\":{\"@type\":\"EntryPoint\",\"urlTemplate\":\"https:\/\/lemonbutik.com\/?s={search_term_string}\"},\"query-input\":{\"@type\":\"PropertyValueSpecification\",\"valueRequired\":true,\"valueName\":\"search_term_string\"}}],\"inLanguage\":\"tr\"},{\"@type\":[\"Organization\",\"Place\",\"ClothingStore\"],\"@id\":\"https:\/\/lemonbutik.com\/#organization\",\"name\":\"Lemon Butik\",\"alternateName\":\"Lemon\",\"url\":\"https:\/\/lemonbutik.com\/\",\"logo\":{\"@id\":\"https:\/\/lemonbutik.com\/index.php\/urun\/kirmizi-biber-baskili-basic-beyaz-crop-tisort\/#local-main-organization-logo\"},\"image\":{\"@id\":\"https:\/\/lemonbutik.com\/index.php\/urun\/kirmizi-biber-baskili-basic-beyaz-crop-tisort\/#local-main-organization-logo\"},\"address\":{\"@id\":\"https:\/\/lemonbutik.com\/index.php\/urun\/kirmizi-biber-baskili-basic-beyaz-crop-tisort\/#local-main-place-address\"},\"telephone\":[\"+905338334489\"],\"contactPoint\":{\"@type\":\"ContactPoint\",\"email\":\"iletisim@lemonbutik.com\"},\"openingHoursSpecification\":[{\"@type\":\"OpeningHoursSpecification\",\"dayOfWeek\":[\"Monday\",\"Tuesday\",\"Wednesday\",\"Thursday\",\"Friday\",\"Saturday\",\"Sunday\"],\"opens\":\"10:30\",\"closes\":\"21:00\"}],\"email\":\"iletisim@lemonbutik.com\",\"areaServed\":\"Kad\u0131n Giyim\",\"currenciesAccepted\":\"TL\",\"paymentAccepted\":\"Kap\u0131da \u00d6deme\"},{\"@type\":\"PostalAddress\",\"@id\":\"https:\/\/lemonbutik.com\/index.php\/urun\/kirmizi-biber-baskili-basic-beyaz-crop-tisort\/#local-main-place-address\",\"streetAddress\":\"Emek Apartman\u0131 No: 1B \u015eehit Metin S\u00fcl\u00fc\u015f Sokak A\u015fa\u011f\u0131 Girne Mahallesi Girne, Kuzey K\u0131br\u0131s T\u00fcrk Cumhuriyeti\",\"addressLocality\":\"Girne\",\"postalCode\":\"99300\",\"addressRegion\":\"Girne\",\"addressCountry\":\"CY\"},{\"@type\":\"ImageObject\",\"inLanguage\":\"tr\",\"@id\":\"https:\/\/lemonbutik.com\/index.php\/urun\/kirmizi-biber-baskili-basic-beyaz-crop-tisort\/#local-main-organization-logo\",\"url\":\"https:\/\/lemonbutik.com\/wp-content\/uploads\/2025\/08\/cropped-rev-removebg-preview_upscayl_2x_digital-art-4x-1.webp\",\"contentUrl\":\"https:\/\/lemonbutik.com\/wp-content\/uploads\/2025\/08\/cropped-rev-removebg-preview_upscayl_2x_digital-art-4x-1.webp\",\"width\":512,\"height\":512,\"caption\":\"Lemon Butik\"}]}<\/script>\n<meta property=\"og:availability\" content=\"instock\" \/>\n<meta property=\"product:availability\" content=\"instock\" \/>\n<meta property=\"product:condition\" content=\"new\" \/>\n<meta name=\"geo.placename\" content=\"Girne\" \/>\n<meta name=\"geo.region\" content=\"K\u0131br\u0131s\" \/>\n<!-- \/ Yoast SEO Premium plugin. -->","yoast_head_json":{"title":"K\u0131rm\u0131z\u0131 Biber Bask\u0131l\u0131 Basic Beyaz Crop Ti\u015f\u00f6rt - Lemon \ud83d\udc9b Al, Giy, Sev","robots":{"index":"index","follow":"follow","max-snippet":"max-snippet:-1","max-image-preview":"max-image-preview:large","max-video-preview":"max-video-preview:-1"},"canonical":"https:\/\/lemonbutik.com\/index.php\/urun\/kirmizi-biber-baskili-basic-beyaz-crop-tisort\/","og_locale":"tr_TR","og_type":"article","og_title":"K\u0131rm\u0131z\u0131 Biber Bask\u0131l\u0131 Basic Beyaz Crop Ti\u015f\u00f6rt","og_description":"K\u0131rm\u0131z\u0131 Biber Bask\u0131l\u0131 Basic Beyaz Crop Ti\u015f\u00f6rt","og_url":"https:\/\/lemonbutik.com\/index.php\/urun\/kirmizi-biber-baskili-basic-beyaz-crop-tisort\/","og_site_name":"Lemon \ud83d\udc9b Al, Giy, Sev","article_modified_time":"2025-08-25T10:34:54+00:00","og_image":[{"width":1920,"height":2560,"url":"https:\/\/lemonbutik.com\/wp-content\/uploads\/2025\/08\/IMG_3655-scaled.jpeg","type":"image\/jpeg"}],"twitter_card":"summary_large_image","twitter_misc":{"Durumu":"Stokta var"},"schema":{"@context":"https:\/\/schema.org","@graph":[{"@type":"WebPage","@id":"https:\/\/lemonbutik.com\/index.php\/urun\/kirmizi-biber-baskili-basic-beyaz-crop-tisort\/","url":"https:\/\/lemonbutik.com\/index.php\/urun\/kirmizi-biber-baskili-basic-beyaz-crop-tisort\/","name":"K\u0131rm\u0131z\u0131 Biber Bask\u0131l\u0131 Basic Beyaz Crop Ti\u015f\u00f6rt - Lemon \ud83d\udc9b Al, Giy, Sev","isPartOf":{"@id":"https:\/\/lemonbutik.com\/#website"},"primaryImageOfPage":{"@id":"https:\/\/lemonbutik.com\/index.php\/urun\/kirmizi-biber-baskili-basic-beyaz-crop-tisort\/#primaryimage"},"image":{"@id":"https:\/\/lemonbutik.com\/index.php\/urun\/kirmizi-biber-baskili-basic-beyaz-crop-tisort\/#primaryimage"},"thumbnailUrl":"https:\/\/lemonbutik.com\/wp-content\/uploads\/2025\/08\/IMG_3655-scaled.jpeg","datePublished":"2025-08-25T10:34:53+00:00","dateModified":"2025-08-25T10:34:54+00:00","breadcrumb":{"@id":"https:\/\/lemonbutik.com\/index.php\/urun\/kirmizi-biber-baskili-basic-beyaz-crop-tisort\/#breadcrumb"},"inLanguage":"tr","potentialAction":[{"@type":"ReadAction","target":["https:\/\/lemonbutik.com\/index.php\/urun\/kirmizi-biber-baskili-basic-beyaz-crop-tisort\/"]}]},{"@type":"ImageObject","inLanguage":"tr","@id":"https:\/\/lemonbutik.com\/index.php\/urun\/kirmizi-biber-baskili-basic-beyaz-crop-tisort\/#primaryimage","url":"https:\/\/lemonbutik.com\/wp-content\/uploads\/2025\/08\/IMG_3655-scaled.jpeg","contentUrl":"https:\/\/lemonbutik.com\/wp-content\/uploads\/2025\/08\/IMG_3655-scaled.jpeg","width":1920,"height":2560},{"@type":"BreadcrumbList","@id":"https:\/\/lemonbutik.com\/index.php\/urun\/kirmizi-biber-baskili-basic-beyaz-crop-tisort\/#breadcrumb","itemListElement":[{"@type":"ListItem","position":1,"name":"Home","item":"https:\/\/lemonbutik.com\/"},{"@type":"ListItem","position":2,"name":"Shop","item":"https:\/\/lemonbutik.com\/index.php\/shop-2\/"},{"@type":"ListItem","position":3,"name":"K\u0131rm\u0131z\u0131 Biber Bask\u0131l\u0131 Basic Beyaz Crop Ti\u015f\u00f6rt"}]},{"@type":"WebSite","@id":"https:\/\/lemonbutik.com\/#website","url":"https:\/\/lemonbutik.com\/","name":"Lemon \ud83d\udc9b Al, Giy, Sev","description":"","publisher":{"@id":"https:\/\/lemonbutik.com\/#organization"},"potentialAction":[{"@type":"SearchAction","target":{"@type":"EntryPoint","urlTemplate":"https:\/\/lemonbutik.com\/?s={search_term_string}"},"query-input":{"@type":"PropertyValueSpecification","valueRequired":true,"valueName":"search_term_string"}}],"inLanguage":"tr"},{"@type":["Organization","Place","ClothingStore"],"@id":"https:\/\/lemonbutik.com\/#organization","name":"Lemon Butik","alternateName":"Lemon","url":"https:\/\/lemonbutik.com\/","logo":{"@id":"https:\/\/lemonbutik.com\/index.php\/urun\/kirmizi-biber-baskili-basic-beyaz-crop-tisort\/#local-main-organization-logo"},"image":{"@id":"https:\/\/lemonbutik.com\/index.php\/urun\/kirmizi-biber-baskili-basic-beyaz-crop-tisort\/#local-main-organization-logo"},"address":{"@id":"https:\/\/lemonbutik.com\/index.php\/urun\/kirmizi-biber-baskili-basic-beyaz-crop-tisort\/#local-main-place-address"},"telephone":["+905338334489"],"contactPoint":{"@type":"ContactPoint","email":"iletisim@lemonbutik.com"},"openingHoursSpecification":[{"@type":"OpeningHoursSpecification","dayOfWeek":["Monday","Tuesday","Wednesday","Thursday","Friday","Saturday","Sunday"],"opens":"10:30","closes":"21:00"}],"email":"iletisim@lemonbutik.com","areaServed":"Kad\u0131n Giyim","currenciesAccepted":"TL","paymentAccepted":"Kap\u0131da \u00d6deme"},{"@type":"PostalAddress","@id":"https:\/\/lemonbutik.com\/index.php\/urun\/kirmizi-biber-baskili-basic-beyaz-crop-tisort\/#local-main-place-address","streetAddress":"Emek Apartman\u0131 No: 1B \u015eehit Metin S\u00fcl\u00fc\u015f Sokak A\u015fa\u011f\u0131 Girne Mahallesi Girne, Kuzey K\u0131br\u0131s T\u00fcrk Cumhuriyeti","addressLocality":"Girne","postalCode":"99300","addressRegion":"Girne","addressCountry":"CY"},{"@type":"ImageObject","inLanguage":"tr","@id":"https:\/\/lemonbutik.com\/index.php\/urun\/kirmizi-biber-baskili-basic-beyaz-crop-tisort\/#local-main-organization-logo","url":"https:\/\/lemonbutik.com\/wp-content\/uploads\/2025\/08\/cropped-rev-removebg-preview_upscayl_2x_digital-art-4x-1.webp","contentUrl":"https:\/\/lemonbutik.com\/wp-content\/uploads\/2025\/08\/cropped-rev-removebg-preview_upscayl_2x_digital-art-4x-1.webp","width":512,"height":512,"caption":"Lemon Butik"}]},"og_availability":"instock","product_availability":"instock","product_condition":"new","geo.placename":"Girne","geo.region":"K\u0131br\u0131s"},"jetpack_sharing_enabled":true,"_links":{"self":[{"href":"https:\/\/lemonbutik.com\/index.php\/wp-json\/wp\/v2\/product\/2443","targetHints":{"allow":["GET"]}}],"collection":[{"href":"https:\/\/lemonbutik.com\/index.php\/wp-json\/wp\/v2\/product"}],"about":[{"href":"https:\/\/lemonbutik.com\/index.php\/wp-json\/wp\/v2\/types\/product"}],"replies":[{"embeddable":true,"href":"https:\/\/lemonbutik.com\/index.php\/wp-json\/wp\/v2\/comments?post=2443"}],"wp:featuredmedia":[{"embeddable":true,"href":"https:\/\/lemonbutik.com\/index.php\/wp-json\/wp\/v2\/media\/2407"}],"wp:attachment":[{"href":"https:\/\/lemonbutik.com\/index.php\/wp-json\/wp\/v2\/media?parent=2443"}],"wp:term":[{"taxonomy":"product_brand","embeddable":true,"href":"https:\/\/lemonbutik.com\/index.php\/wp-json\/wp\/v2\/product_brand?post=2443"},{"taxonomy":"product_cat","embeddable":true,"href":"https:\/\/lemonbutik.com\/index.php\/wp-json\/wp\/v2\/product_cat?post=2443"},{"taxonomy":"product_tag","embeddable":true,"href":"https:\/\/lemonbutik.com\/index.php\/wp-json\/wp\/v2\/product_tag?post=2443"}],"curies":[{"name":"wp","href":"https:\/\/api.w.org\/{rel}","templated":true}]}}