{"id":2564,"date":"2025-08-25T17:00:45","date_gmt":"2025-08-25T17:00:45","guid":{"rendered":"https:\/\/lemonbutik.com\/?page_id=2564"},"modified":"2025-08-25T17:06:27","modified_gmt":"2025-08-25T17:06:27","slug":"iade-ve-degisim-politikasi","status":"publish","type":"page","link":"https:\/\/lemonbutik.com\/index.php\/iade-ve-degisim-politikasi\/","title":{"rendered":"\u0130ADE VE DE\u011e\u0130\u015e\u0130M POL\u0130T\u0130KASI"},"content":{"rendered":"<div class=\"ProseMirror\" contenteditable=\"true\" translate=\"no\">\n<div class=\"ProseMirror\" contenteditable=\"true\" translate=\"no\">\n<div class=\"ProseMirror\" contenteditable=\"true\" translate=\"no\">\n<h3>\u0130ADE VE DE\u011e\u0130\u015e\u0130M POL\u0130T\u0130KASI<\/h3>\n<p><strong>M\u00fc\u015fteri Memnuniyeti \u00d6nceli\u011fimizdir<\/strong><\/p>\n<p>Lemon Butik olarak \u00f6nceli\u011fimiz, al\u0131\u015fveri\u015f deneyiminizden tam anlam\u0131yla memnun kalman\u0131zd\u0131r. Bu do\u011frultuda, sat\u0131n ald\u0131\u011f\u0131n\u0131z \u00fcr\u00fcnlerle ilgili ya\u015fayabilece\u011finiz sorunlar\u0131 en aza indirmek ve sizlere en iyi hizmeti sunmak i\u00e7in bir de\u011fi\u015fim politikas\u0131 olu\u015fturduk.<\/p>\n<p><strong>Genel De\u011fi\u015fim \u015eartlar\u0131<\/strong><\/p>\n<p>Firmam\u0131z\u0131n politikalar\u0131 gere\u011fi, \u00fcr\u00fcnlerimizde <strong>iade i\u015flemi yap\u0131lmamaktad\u0131r.<\/strong> Ancak, sat\u0131n ald\u0131\u011f\u0131n\u0131z \u00fcr\u00fcnden memnun kalmaman\u0131z durumunda a\u015fa\u011f\u0131da belirtilen ko\u015fullar \u00e7er\u00e7evesinde de\u011fi\u015fim hakk\u0131n\u0131z bulunmaktad\u0131r.<\/p>\n<ol>\n<li><strong>De\u011fi\u015fim S\u00fcresi:<\/strong> \u00dcr\u00fcn\u00fcn\u00fcz\u00fc teslim ald\u0131\u011f\u0131n\u0131z tarihten itibaren <strong>4 g\u00fcn<\/strong> i\u00e7erisinde de\u011fi\u015fim talebinde bulunabilirsiniz. 4 g\u00fcn\u00fc a\u015fan talepler i\u015fleme al\u0131nmayacakt\u0131r.<\/li>\n<li><strong>\u00dcr\u00fcn Ko\u015fullar\u0131:<\/strong> De\u011fi\u015fimi talep edilen \u00fcr\u00fcn\u00fcn;\n<ul>\n<li>Kullan\u0131lmam\u0131\u015f, y\u0131kanmam\u0131\u015f ve herhangi bir zarar g\u00f6rmemi\u015f olmas\u0131,<\/li>\n<li>T\u00fcm etiketleri ve orijinal ambalaj\u0131 \u00fczerinde bulunmas\u0131,<\/li>\n<li>\u00dczerinde parf\u00fcm, deodorant veya herhangi bir leke bulunmamas\u0131 gerekmektedir.Bu \u015fartlara uymayan \u00fcr\u00fcnlerin de\u011fi\u015fimi kabul edilmeyecektir.<\/li>\n<\/ul>\n<\/li>\n<li><strong>\u0130ndirimli \u00dcr\u00fcnler:<\/strong> Sezon indirimi, kampanya veya &#8220;outlet&#8221; kategorisinden sat\u0131n al\u0131nan \u00fcr\u00fcnlerde de\u011fi\u015fim yap\u0131lmamaktad\u0131r.<\/li>\n<\/ol>\n<p><strong>De\u011fi\u015fim S\u00fcreci<\/strong><\/p>\n<ol>\n<li>De\u011fi\u015fim talebinizi ba\u015flatmak i\u00e7in l\u00fctfen <a title=\"null\" href=\"https:\/\/lemonbutik.com\/index.php\/iletisim\/\">ileti\u015fim sayfam\u0131zdaki formu<\/a> doldurunuz. Formda sipari\u015f numaran\u0131z\u0131, de\u011fi\u015ftirmek istedi\u011finiz \u00fcr\u00fcn\u00fc ve yerine talep etti\u011finiz yeni \u00fcr\u00fcn\u00fcn (model, beden, renk) bilgilerini belirtmeyi unutmay\u0131n\u0131z.<\/li>\n<li>Talebiniz ekibimiz taraf\u0131ndan incelenip onayland\u0131ktan sonra, \u00fcr\u00fcn\u00fc taraf\u0131m\u0131za g\u00f6ndermeniz i\u00e7in gerekli bilgiler sizinle payla\u015f\u0131lacakt\u0131r.<\/li>\n<li><strong>Kargo \u00dccreti:<\/strong> De\u011fi\u015fim i\u015flemlerinde, \u00fcr\u00fcn\u00fcn taraf\u0131m\u0131za g\u00f6nderilmesine ili\u015fkin kargo \u00fccreti <strong>m\u00fc\u015fteriye aittir.<\/strong> De\u011fi\u015fim onayland\u0131ktan sonra yeni \u00fcr\u00fcn\u00fcn\u00fcz\u00fcn size g\u00f6nderilmesine ili\u015fkin kargo \u00fccreti ise firmam\u0131z taraf\u0131ndan kar\u015f\u0131lanacakt\u0131r.<\/li>\n<li>\u00dcr\u00fcn\u00fcn\u00fcz taraf\u0131m\u0131za ula\u015ft\u0131ktan sonra, de\u011fi\u015fim ko\u015fullar\u0131na uygunlu\u011fu kontrol edilir. Onayland\u0131\u011f\u0131 takdirde, talep etti\u011finiz yeni \u00fcr\u00fcn en k\u0131sa s\u00fcrede adresinize kargolan\u0131r.<\/li>\n<\/ol>\n<p><strong>\u0130tiraz ve Talepler<\/strong><\/p>\n<p>De\u011fi\u015fim s\u00fcreci veya di\u011fer konularla ilgili her t\u00fcrl\u00fc itiraz ve talepleriniz i\u00e7in l\u00fctfen <a title=\"null\" href=\"https:\/\/lemonbutik.com\/index.php\/iletisim\/\">ileti\u015fim sayfam\u0131zdaki formu<\/a> doldurarak bizimle irtibata ge\u00e7iniz.<\/p>\n<p>Anlay\u0131\u015f\u0131n\u0131z i\u00e7in te\u015fekk\u00fcr eder, keyifli al\u0131\u015fveri\u015fler dileriz.<\/p>\n<p><strong>Lemon Butik Ekibi<\/strong><\/p>\n<\/div>\n<\/div>\n<\/div>\n","protected":false},"excerpt":{"rendered":"<p>\u0130ADE VE DE\u011e\u0130\u015e\u0130M POL\u0130T\u0130KASI M\u00fc\u015fteri Memnuniyeti \u00d6nceli\u011fimizdir Lemon Butik olarak \u00f6nceli\u011fimiz, al\u0131\u015fveri\u015f deneyiminizden tam anlam\u0131yla memnun kalman\u0131zd\u0131r. Bu do\u011frultuda, sat\u0131n ald\u0131\u011f\u0131n\u0131z \u00fcr\u00fcnlerle ilgili ya\u015fayabilece\u011finiz sorunlar\u0131 en aza indirmek ve sizlere en iyi hizmeti sunmak i\u00e7in bir de\u011fi\u015fim politikas\u0131 olu\u015fturduk. Genel De\u011fi\u015fim \u015eartlar\u0131 Firmam\u0131z\u0131n politikalar\u0131 gere\u011fi, \u00fcr\u00fcnlerimizde iade i\u015flemi yap\u0131lmamaktad\u0131r. Ancak, sat\u0131n ald\u0131\u011f\u0131n\u0131z \u00fcr\u00fcnden memnun kalmaman\u0131z&hellip;<\/p>\n","protected":false},"author":1,"featured_media":0,"parent":0,"menu_order":2,"comment_status":"closed","ping_status":"closed","template":"","meta":{"footnotes":""},"class_list":["post-2564","page","type-page","status-publish","hentry"],"yoast_head":"<!-- This site is optimized with the Yoast SEO Premium plugin v25.7.1 (Yoast SEO v27.2) - https:\/\/yoast.com\/product\/yoast-seo-premium-wordpress\/ -->\n<title>\u0130ADE VE DE\u011e\u0130\u015e\u0130M POL\u0130T\u0130KASI - Lemon \ud83d\udc9b Al, Giy, Sev<\/title>\n<meta name=\"robots\" content=\"index, follow, max-snippet:-1, max-image-preview:large, max-video-preview:-1\" \/>\n<link rel=\"canonical\" href=\"https:\/\/lemonbutik.com\/index.php\/iade-ve-degisim-politikasi\/\" \/>\n<meta property=\"og:locale\" content=\"tr_TR\" \/>\n<meta property=\"og:type\" content=\"article\" \/>\n<meta property=\"og:title\" content=\"\u0130ADE VE DE\u011e\u0130\u015e\u0130M POL\u0130T\u0130KASI\" \/>\n<meta property=\"og:description\" content=\"\u0130ADE VE DE\u011e\u0130\u015e\u0130M POL\u0130T\u0130KASI M\u00fc\u015fteri Memnuniyeti \u00d6nceli\u011fimizdir Lemon Butik olarak \u00f6nceli\u011fimiz, al\u0131\u015fveri\u015f deneyiminizden tam anlam\u0131yla memnun kalman\u0131zd\u0131r. Bu do\u011frultuda, sat\u0131n ald\u0131\u011f\u0131n\u0131z \u00fcr\u00fcnlerle ilgili ya\u015fayabilece\u011finiz sorunlar\u0131 en aza indirmek ve sizlere en iyi hizmeti sunmak i\u00e7in bir de\u011fi\u015fim politikas\u0131 olu\u015fturduk. Genel De\u011fi\u015fim \u015eartlar\u0131 Firmam\u0131z\u0131n politikalar\u0131 gere\u011fi, \u00fcr\u00fcnlerimizde iade i\u015flemi yap\u0131lmamaktad\u0131r. Ancak, sat\u0131n ald\u0131\u011f\u0131n\u0131z \u00fcr\u00fcnden memnun kalmaman\u0131z&hellip;\" \/>\n<meta property=\"og:url\" content=\"https:\/\/lemonbutik.com\/index.php\/iade-ve-degisim-politikasi\/\" \/>\n<meta property=\"og:site_name\" content=\"Lemon \ud83d\udc9b Al, Giy, Sev\" \/>\n<meta property=\"article:modified_time\" content=\"2025-08-25T17:06:27+00:00\" \/>\n<meta name=\"twitter:card\" content=\"summary_large_image\" \/>\n<meta name=\"twitter:label1\" content=\"Tahmini okuma s\u00fcresi\" \/>\n\t<meta name=\"twitter:data1\" content=\"2 dakika\" \/>\n<script type=\"application\/ld+json\" class=\"yoast-schema-graph\">{\"@context\":\"https:\/\/schema.org\",\"@graph\":[{\"@type\":\"WebPage\",\"@id\":\"https:\/\/lemonbutik.com\/index.php\/iade-ve-degisim-politikasi\/\",\"url\":\"https:\/\/lemonbutik.com\/index.php\/iade-ve-degisim-politikasi\/\",\"name\":\"\u0130ADE VE DE\u011e\u0130\u015e\u0130M POL\u0130T\u0130KASI - Lemon \ud83d\udc9b Al, Giy, Sev\",\"isPartOf\":{\"@id\":\"https:\/\/lemonbutik.com\/#website\"},\"datePublished\":\"2025-08-25T17:00:45+00:00\",\"dateModified\":\"2025-08-25T17:06:27+00:00\",\"breadcrumb\":{\"@id\":\"https:\/\/lemonbutik.com\/index.php\/iade-ve-degisim-politikasi\/#breadcrumb\"},\"inLanguage\":\"tr\",\"potentialAction\":[{\"@type\":\"ReadAction\",\"target\":[\"https:\/\/lemonbutik.com\/index.php\/iade-ve-degisim-politikasi\/\"]}]},{\"@type\":\"BreadcrumbList\",\"@id\":\"https:\/\/lemonbutik.com\/index.php\/iade-ve-degisim-politikasi\/#breadcrumb\",\"itemListElement\":[{\"@type\":\"ListItem\",\"position\":1,\"name\":\"Home\",\"item\":\"https:\/\/lemonbutik.com\/\"},{\"@type\":\"ListItem\",\"position\":2,\"name\":\"\u0130ADE VE DE\u011e\u0130\u015e\u0130M POL\u0130T\u0130KASI\"}]},{\"@type\":\"WebSite\",\"@id\":\"https:\/\/lemonbutik.com\/#website\",\"url\":\"https:\/\/lemonbutik.com\/\",\"name\":\"Lemon \ud83d\udc9b Al, Giy, Sev\",\"description\":\"\",\"publisher\":{\"@id\":\"https:\/\/lemonbutik.com\/#organization\"},\"potentialAction\":[{\"@type\":\"SearchAction\",\"target\":{\"@type\":\"EntryPoint\",\"urlTemplate\":\"https:\/\/lemonbutik.com\/?s={search_term_string}\"},\"query-input\":{\"@type\":\"PropertyValueSpecification\",\"valueRequired\":true,\"valueName\":\"search_term_string\"}}],\"inLanguage\":\"tr\"},{\"@type\":[\"Organization\",\"Place\",\"ClothingStore\"],\"@id\":\"https:\/\/lemonbutik.com\/#organization\",\"name\":\"Lemon Butik\",\"alternateName\":\"Lemon\",\"url\":\"https:\/\/lemonbutik.com\/\",\"logo\":{\"@id\":\"https:\/\/lemonbutik.com\/index.php\/iade-ve-degisim-politikasi\/#local-main-organization-logo\"},\"image\":{\"@id\":\"https:\/\/lemonbutik.com\/index.php\/iade-ve-degisim-politikasi\/#local-main-organization-logo\"},\"address\":{\"@id\":\"https:\/\/lemonbutik.com\/index.php\/iade-ve-degisim-politikasi\/#local-main-place-address\"},\"telephone\":[\"+905338334489\"],\"contactPoint\":{\"@type\":\"ContactPoint\",\"email\":\"iletisim@lemonbutik.com\"},\"openingHoursSpecification\":[{\"@type\":\"OpeningHoursSpecification\",\"dayOfWeek\":[\"Monday\",\"Tuesday\",\"Wednesday\",\"Thursday\",\"Friday\",\"Saturday\",\"Sunday\"],\"opens\":\"10:30\",\"closes\":\"21:00\"}],\"email\":\"iletisim@lemonbutik.com\",\"areaServed\":\"Kad\u0131n Giyim\",\"currenciesAccepted\":\"TL\",\"paymentAccepted\":\"Kap\u0131da \u00d6deme\"},{\"@type\":\"PostalAddress\",\"@id\":\"https:\/\/lemonbutik.com\/index.php\/iade-ve-degisim-politikasi\/#local-main-place-address\",\"streetAddress\":\"Emek Apartman\u0131 No: 1B \u015eehit Metin S\u00fcl\u00fc\u015f Sokak A\u015fa\u011f\u0131 Girne Mahallesi Girne, Kuzey K\u0131br\u0131s T\u00fcrk Cumhuriyeti\",\"addressLocality\":\"Girne\",\"postalCode\":\"99300\",\"addressRegion\":\"Girne\",\"addressCountry\":\"CY\"},{\"@type\":\"ImageObject\",\"inLanguage\":\"tr\",\"@id\":\"https:\/\/lemonbutik.com\/index.php\/iade-ve-degisim-politikasi\/#local-main-organization-logo\",\"url\":\"https:\/\/lemonbutik.com\/wp-content\/uploads\/2025\/08\/cropped-rev-removebg-preview_upscayl_2x_digital-art-4x-1.webp\",\"contentUrl\":\"https:\/\/lemonbutik.com\/wp-content\/uploads\/2025\/08\/cropped-rev-removebg-preview_upscayl_2x_digital-art-4x-1.webp\",\"width\":512,\"height\":512,\"caption\":\"Lemon Butik\"}]}<\/script>\n<meta name=\"geo.placename\" content=\"Girne\" \/>\n<meta name=\"geo.region\" content=\"K\u0131br\u0131s\" \/>\n<!-- \/ Yoast SEO Premium plugin. -->","yoast_head_json":{"title":"\u0130ADE VE DE\u011e\u0130\u015e\u0130M POL\u0130T\u0130KASI - Lemon \ud83d\udc9b Al, Giy, Sev","robots":{"index":"index","follow":"follow","max-snippet":"max-snippet:-1","max-image-preview":"max-image-preview:large","max-video-preview":"max-video-preview:-1"},"canonical":"https:\/\/lemonbutik.com\/index.php\/iade-ve-degisim-politikasi\/","og_locale":"tr_TR","og_type":"article","og_title":"\u0130ADE VE DE\u011e\u0130\u015e\u0130M POL\u0130T\u0130KASI","og_description":"\u0130ADE VE DE\u011e\u0130\u015e\u0130M POL\u0130T\u0130KASI M\u00fc\u015fteri Memnuniyeti \u00d6nceli\u011fimizdir Lemon Butik olarak \u00f6nceli\u011fimiz, al\u0131\u015fveri\u015f deneyiminizden tam anlam\u0131yla memnun kalman\u0131zd\u0131r. Bu do\u011frultuda, sat\u0131n ald\u0131\u011f\u0131n\u0131z \u00fcr\u00fcnlerle ilgili ya\u015fayabilece\u011finiz sorunlar\u0131 en aza indirmek ve sizlere en iyi hizmeti sunmak i\u00e7in bir de\u011fi\u015fim politikas\u0131 olu\u015fturduk. Genel De\u011fi\u015fim \u015eartlar\u0131 Firmam\u0131z\u0131n politikalar\u0131 gere\u011fi, \u00fcr\u00fcnlerimizde iade i\u015flemi yap\u0131lmamaktad\u0131r. Ancak, sat\u0131n ald\u0131\u011f\u0131n\u0131z \u00fcr\u00fcnden memnun kalmaman\u0131z&hellip;","og_url":"https:\/\/lemonbutik.com\/index.php\/iade-ve-degisim-politikasi\/","og_site_name":"Lemon \ud83d\udc9b Al, Giy, Sev","article_modified_time":"2025-08-25T17:06:27+00:00","twitter_card":"summary_large_image","twitter_misc":{"Tahmini okuma s\u00fcresi":"2 dakika"},"schema":{"@context":"https:\/\/schema.org","@graph":[{"@type":"WebPage","@id":"https:\/\/lemonbutik.com\/index.php\/iade-ve-degisim-politikasi\/","url":"https:\/\/lemonbutik.com\/index.php\/iade-ve-degisim-politikasi\/","name":"\u0130ADE VE DE\u011e\u0130\u015e\u0130M POL\u0130T\u0130KASI - Lemon \ud83d\udc9b Al, Giy, Sev","isPartOf":{"@id":"https:\/\/lemonbutik.com\/#website"},"datePublished":"2025-08-25T17:00:45+00:00","dateModified":"2025-08-25T17:06:27+00:00","breadcrumb":{"@id":"https:\/\/lemonbutik.com\/index.php\/iade-ve-degisim-politikasi\/#breadcrumb"},"inLanguage":"tr","potentialAction":[{"@type":"ReadAction","target":["https:\/\/lemonbutik.com\/index.php\/iade-ve-degisim-politikasi\/"]}]},{"@type":"BreadcrumbList","@id":"https:\/\/lemonbutik.com\/index.php\/iade-ve-degisim-politikasi\/#breadcrumb","itemListElement":[{"@type":"ListItem","position":1,"name":"Home","item":"https:\/\/lemonbutik.com\/"},{"@type":"ListItem","position":2,"name":"\u0130ADE VE DE\u011e\u0130\u015e\u0130M POL\u0130T\u0130KASI"}]},{"@type":"WebSite","@id":"https:\/\/lemonbutik.com\/#website","url":"https:\/\/lemonbutik.com\/","name":"Lemon \ud83d\udc9b Al, Giy, Sev","description":"","publisher":{"@id":"https:\/\/lemonbutik.com\/#organization"},"potentialAction":[{"@type":"SearchAction","target":{"@type":"EntryPoint","urlTemplate":"https:\/\/lemonbutik.com\/?s={search_term_string}"},"query-input":{"@type":"PropertyValueSpecification","valueRequired":true,"valueName":"search_term_string"}}],"inLanguage":"tr"},{"@type":["Organization","Place","ClothingStore"],"@id":"https:\/\/lemonbutik.com\/#organization","name":"Lemon Butik","alternateName":"Lemon","url":"https:\/\/lemonbutik.com\/","logo":{"@id":"https:\/\/lemonbutik.com\/index.php\/iade-ve-degisim-politikasi\/#local-main-organization-logo"},"image":{"@id":"https:\/\/lemonbutik.com\/index.php\/iade-ve-degisim-politikasi\/#local-main-organization-logo"},"address":{"@id":"https:\/\/lemonbutik.com\/index.php\/iade-ve-degisim-politikasi\/#local-main-place-address"},"telephone":["+905338334489"],"contactPoint":{"@type":"ContactPoint","email":"iletisim@lemonbutik.com"},"openingHoursSpecification":[{"@type":"OpeningHoursSpecification","dayOfWeek":["Monday","Tuesday","Wednesday","Thursday","Friday","Saturday","Sunday"],"opens":"10:30","closes":"21:00"}],"email":"iletisim@lemonbutik.com","areaServed":"Kad\u0131n Giyim","currenciesAccepted":"TL","paymentAccepted":"Kap\u0131da \u00d6deme"},{"@type":"PostalAddress","@id":"https:\/\/lemonbutik.com\/index.php\/iade-ve-degisim-politikasi\/#local-main-place-address","streetAddress":"Emek Apartman\u0131 No: 1B \u015eehit Metin S\u00fcl\u00fc\u015f Sokak A\u015fa\u011f\u0131 Girne Mahallesi Girne, Kuzey K\u0131br\u0131s T\u00fcrk Cumhuriyeti","addressLocality":"Girne","postalCode":"99300","addressRegion":"Girne","addressCountry":"CY"},{"@type":"ImageObject","inLanguage":"tr","@id":"https:\/\/lemonbutik.com\/index.php\/iade-ve-degisim-politikasi\/#local-main-organization-logo","url":"https:\/\/lemonbutik.com\/wp-content\/uploads\/2025\/08\/cropped-rev-removebg-preview_upscayl_2x_digital-art-4x-1.webp","contentUrl":"https:\/\/lemonbutik.com\/wp-content\/uploads\/2025\/08\/cropped-rev-removebg-preview_upscayl_2x_digital-art-4x-1.webp","width":512,"height":512,"caption":"Lemon Butik"}]},"geo.placename":"Girne","geo.region":"K\u0131br\u0131s"},"jetpack_sharing_enabled":true,"_links":{"self":[{"href":"https:\/\/lemonbutik.com\/index.php\/wp-json\/wp\/v2\/pages\/2564","targetHints":{"allow":["GET"]}}],"collection":[{"href":"https:\/\/lemonbutik.com\/index.php\/wp-json\/wp\/v2\/pages"}],"about":[{"href":"https:\/\/lemonbutik.com\/index.php\/wp-json\/wp\/v2\/types\/page"}],"author":[{"embeddable":true,"href":"https:\/\/lemonbutik.com\/index.php\/wp-json\/wp\/v2\/users\/1"}],"replies":[{"embeddable":true,"href":"https:\/\/lemonbutik.com\/index.php\/wp-json\/wp\/v2\/comments?post=2564"}],"version-history":[{"count":0,"href":"https:\/\/lemonbutik.com\/index.php\/wp-json\/wp\/v2\/pages\/2564\/revisions"}],"wp:attachment":[{"href":"https:\/\/lemonbutik.com\/index.php\/wp-json\/wp\/v2\/media?parent=2564"}],"curies":[{"name":"wp","href":"https:\/\/api.w.org\/{rel}","templated":true}]}}