{"id":17,"date":"2025-08-11T09:54:45","date_gmt":"2025-08-11T09:54:45","guid":{"rendered":"https:\/\/lemonbutik.com\/index.php\/wishlist\/"},"modified":"2025-08-11T09:54:45","modified_gmt":"2025-08-11T09:54:45","slug":"wishlist","status":"publish","type":"page","link":"https:\/\/lemonbutik.com\/index.php\/wishlist\/","title":{"rendered":"Wishlist"},"content":{"rendered":"\n\n\n\n<form\n\tid=\"yith-wcwl-form\"\n\taction=\"https:\/\/lemonbutik.com\/index.php\/wishlist\/\"\n\tmethod=\"post\"\n\tclass=\"woocommerce yith-wcwl-form wishlist-fragment\"\n\tdata-fragment-options=\"{&quot;per_page&quot;:5,&quot;current_page&quot;:1,&quot;pagination&quot;:&quot;no&quot;,&quot;wishlist_id&quot;:false,&quot;action_params&quot;:false,&quot;no_interactions&quot;:false,&quot;layout&quot;:&quot;&quot;,&quot;wishlist&quot;:false,&quot;is_default&quot;:true,&quot;is_custom_list&quot;:false,&quot;wishlist_token&quot;:&quot;&quot;,&quot;is_private&quot;:false,&quot;count&quot;:0,&quot;page_title&quot;:&quot;My wishlist&quot;,&quot;default_wishlsit_title&quot;:&quot;My wishlist&quot;,&quot;page_links&quot;:false,&quot;is_user_logged_in&quot;:false,&quot;is_user_owner&quot;:true,&quot;can_user_edit_title&quot;:false,&quot;show_price&quot;:true,&quot;show_dateadded&quot;:false,&quot;show_stock_status&quot;:true,&quot;show_add_to_cart&quot;:true,&quot;show_remove_product&quot;:true,&quot;add_to_cart_text&quot;:&quot;Add to cart&quot;,&quot;show_ask_estimate_button&quot;:false,&quot;ask_estimate_url&quot;:&quot;&quot;,&quot;price_excl_tax&quot;:false,&quot;show_cb&quot;:false,&quot;show_quantity&quot;:false,&quot;show_variation&quot;:false,&quot;show_price_variations&quot;:false,&quot;show_update&quot;:false,&quot;enable_drag_n_drop&quot;:false,&quot;enable_add_all_to_cart&quot;:false,&quot;move_to_another_wishlist&quot;:false,&quot;repeat_remove_button&quot;:false,&quot;show_last_column&quot;:true,&quot;heading_icon&quot;:&quot;&lt;i class=\\&quot;fa heart-outline\\&quot;&gt;&lt;\\\/i&gt;&quot;,&quot;share_enabled&quot;:false,&quot;template_part&quot;:&quot;view&quot;,&quot;additional_info&quot;:false,&quot;available_multi_wishlist&quot;:false,&quot;form_action&quot;:&quot;https:\\\/\\\/lemonbutik.com\\\/index.php\\\/wishlist\\\/&quot;,&quot;item&quot;:&quot;wishlist&quot;}\"\n>\n\n\t<!-- TITLE -->\n\t\t\t<div class=\"wishlist-title-container\">\n\t\t\t<div class=\"wishlist-title \">\n\t\t\t\t<h2>My wishlist<\/h2>\t\t\t\t\t\t\t<\/div>\n\t\t\t\t\t<\/div>\n\t\n\n<!-- WISHLIST TABLE -->\n<table\n\tclass=\"shop_table cart wishlist_table wishlist_view traditional responsive   \"\n\tdata-pagination=\"no\" data-per-page=\"5\" data-page=\"1\"\n\tdata-id=\"\" data-token=\"\">\n\n\t\n\t<thead>\n\t<tr>\n\t\t\n\t\t\t\t\t\t\t\t<th class=\"product-remove\">\n\t\t\t\t<span class=\"nobr\">\n\t\t\t\t\t\t\t\t\t<\/span>\n\t\t\t<\/th>\n\t\t\n\t\t<th class=\"product-thumbnail\"><\/th>\n\n\t\t<th class=\"product-name\">\n\t\t\t<span class=\"nobr\">\n\t\t\t\tProduct name\t\t\t<\/span>\n\t\t<\/th>\n\n\t\t\t\t\t\t\t\t<th class=\"product-price\">\n\t\t\t\t<span class=\"nobr\">\n\t\t\t\t\tUnit price\t\t\t\t<\/span>\n\t\t\t<\/th>\n\t\t\n\t\t\n\t\t\t\t\t\t\t\t<th class=\"product-stock-status\">\n\t\t\t\t<span class=\"nobr\">\n\t\t\t\t\tStock status\t\t\t\t<\/span>\n\t\t\t<\/th>\n\t\t\n\t\t\t\t\t\t\t\t<th class=\"product-add-to-cart\">\n\t\t\t\t<span class=\"nobr\">\n\t\t\t\t\t\t\t\t\t<\/span>\n\t\t\t<\/th>\n\t\t\n\t\t\t<\/tr>\n\t<\/thead>\n\n\t<tbody class=\"wishlist-items-wrapper\">\n\t\t\t<tr>\n\t\t\t\t\t\t<td colspan=\"6\" class=\"wishlist-empty\">No products added to the wishlist<\/td>\n\t\t<\/tr>\n\t\t\t<\/tbody>\n\n<\/table>\n\n<div class=\"yith_wcwl_wishlist_footer\">\n\t\n\n\t\n\n\t\n\t<\/div>\n\n<input type=\"hidden\" id=\"yith_wcwl_edit_wishlist\" name=\"yith_wcwl_edit_wishlist\" value=\"317e9979ce\" \/><input type=\"hidden\" name=\"_wp_http_referer\" value=\"\/index.php\/wp-json\/wp\/v2\/pages\/17\" \/><input type=\"hidden\" value=\"\" name=\"wishlist_id\" id=\"wishlist_id\">\n\n\n<\/form>\n\n\n\n\n","protected":false},"excerpt":{"rendered":"My wishlist Product name Unit price Stock status No products added to the wishlist","protected":false},"author":1,"featured_media":0,"parent":0,"menu_order":0,"comment_status":"closed","ping_status":"closed","template":"","meta":{"footnotes":""},"class_list":["post-17","page","type-page","status-publish","hentry"],"yoast_head":"<!-- This site is optimized with the Yoast SEO Premium plugin v25.7.1 (Yoast SEO v27.2) - https:\/\/yoast.com\/product\/yoast-seo-premium-wordpress\/ -->\n<title>Wishlist - Lemon \ud83d\udc9b Al, Giy, Sev<\/title>\n<meta name=\"robots\" content=\"index, follow, max-snippet:-1, max-image-preview:large, max-video-preview:-1\" \/>\n<link rel=\"canonical\" href=\"https:\/\/lemonbutik.com\/index.php\/wishlist\/\" \/>\n<meta property=\"og:locale\" content=\"tr_TR\" \/>\n<meta property=\"og:type\" content=\"article\" \/>\n<meta property=\"og:title\" content=\"Wishlist\" \/>\n<meta property=\"og:url\" content=\"https:\/\/lemonbutik.com\/index.php\/wishlist\/\" \/>\n<meta property=\"og:site_name\" content=\"Lemon \ud83d\udc9b Al, Giy, Sev\" \/>\n<meta name=\"twitter:card\" content=\"summary_large_image\" \/>\n<script type=\"application\/ld+json\" class=\"yoast-schema-graph\">{\"@context\":\"https:\/\/schema.org\",\"@graph\":[{\"@type\":\"WebPage\",\"@id\":\"https:\/\/lemonbutik.com\/index.php\/wishlist\/\",\"url\":\"https:\/\/lemonbutik.com\/index.php\/wishlist\/\",\"name\":\"Wishlist - Lemon \ud83d\udc9b Al, Giy, Sev\",\"isPartOf\":{\"@id\":\"https:\/\/lemonbutik.com\/#website\"},\"datePublished\":\"2025-08-11T09:54:45+00:00\",\"breadcrumb\":{\"@id\":\"https:\/\/lemonbutik.com\/index.php\/wishlist\/#breadcrumb\"},\"inLanguage\":\"tr\",\"potentialAction\":[{\"@type\":\"ReadAction\",\"target\":[\"https:\/\/lemonbutik.com\/index.php\/wishlist\/\"]}]},{\"@type\":\"BreadcrumbList\",\"@id\":\"https:\/\/lemonbutik.com\/index.php\/wishlist\/#breadcrumb\",\"itemListElement\":[{\"@type\":\"ListItem\",\"position\":1,\"name\":\"Home\",\"item\":\"https:\/\/lemonbutik.com\/\"},{\"@type\":\"ListItem\",\"position\":2,\"name\":\"Wishlist\"}]},{\"@type\":\"WebSite\",\"@id\":\"https:\/\/lemonbutik.com\/#website\",\"url\":\"https:\/\/lemonbutik.com\/\",\"name\":\"Lemon \ud83d\udc9b Al, Giy, Sev\",\"description\":\"\",\"publisher\":{\"@id\":\"https:\/\/lemonbutik.com\/#organization\"},\"potentialAction\":[{\"@type\":\"SearchAction\",\"target\":{\"@type\":\"EntryPoint\",\"urlTemplate\":\"https:\/\/lemonbutik.com\/?s={search_term_string}\"},\"query-input\":{\"@type\":\"PropertyValueSpecification\",\"valueRequired\":true,\"valueName\":\"search_term_string\"}}],\"inLanguage\":\"tr\"},{\"@type\":[\"Organization\",\"Place\",\"ClothingStore\"],\"@id\":\"https:\/\/lemonbutik.com\/#organization\",\"name\":\"Lemon Butik\",\"alternateName\":\"Lemon\",\"url\":\"https:\/\/lemonbutik.com\/\",\"logo\":{\"@id\":\"https:\/\/lemonbutik.com\/index.php\/wishlist\/#local-main-organization-logo\"},\"image\":{\"@id\":\"https:\/\/lemonbutik.com\/index.php\/wishlist\/#local-main-organization-logo\"},\"address\":{\"@id\":\"https:\/\/lemonbutik.com\/index.php\/wishlist\/#local-main-place-address\"},\"telephone\":[\"+905338334489\"],\"contactPoint\":{\"@type\":\"ContactPoint\",\"email\":\"iletisim@lemonbutik.com\"},\"openingHoursSpecification\":[{\"@type\":\"OpeningHoursSpecification\",\"dayOfWeek\":[\"Monday\",\"Tuesday\",\"Wednesday\",\"Thursday\",\"Friday\",\"Saturday\",\"Sunday\"],\"opens\":\"10:30\",\"closes\":\"21:00\"}],\"email\":\"iletisim@lemonbutik.com\",\"areaServed\":\"Kad\u0131n Giyim\",\"currenciesAccepted\":\"TL\",\"paymentAccepted\":\"Kap\u0131da \u00d6deme\"},{\"@type\":\"PostalAddress\",\"@id\":\"https:\/\/lemonbutik.com\/index.php\/wishlist\/#local-main-place-address\",\"streetAddress\":\"Emek Apartman\u0131 No: 1B \u015eehit Metin S\u00fcl\u00fc\u015f Sokak A\u015fa\u011f\u0131 Girne Mahallesi Girne, Kuzey K\u0131br\u0131s T\u00fcrk Cumhuriyeti\",\"addressLocality\":\"Girne\",\"postalCode\":\"99300\",\"addressRegion\":\"Girne\",\"addressCountry\":\"CY\"},{\"@type\":\"ImageObject\",\"inLanguage\":\"tr\",\"@id\":\"https:\/\/lemonbutik.com\/index.php\/wishlist\/#local-main-organization-logo\",\"url\":\"https:\/\/lemonbutik.com\/wp-content\/uploads\/2025\/08\/cropped-rev-removebg-preview_upscayl_2x_digital-art-4x-1.webp\",\"contentUrl\":\"https:\/\/lemonbutik.com\/wp-content\/uploads\/2025\/08\/cropped-rev-removebg-preview_upscayl_2x_digital-art-4x-1.webp\",\"width\":512,\"height\":512,\"caption\":\"Lemon Butik\"}]}<\/script>\n<meta name=\"geo.placename\" content=\"Girne\" \/>\n<meta name=\"geo.region\" content=\"K\u0131br\u0131s\" \/>\n<!-- \/ Yoast SEO Premium plugin. -->","yoast_head_json":{"title":"Wishlist - Lemon \ud83d\udc9b Al, Giy, Sev","robots":{"index":"index","follow":"follow","max-snippet":"max-snippet:-1","max-image-preview":"max-image-preview:large","max-video-preview":"max-video-preview:-1"},"canonical":"https:\/\/lemonbutik.com\/index.php\/wishlist\/","og_locale":"tr_TR","og_type":"article","og_title":"Wishlist","og_url":"https:\/\/lemonbutik.com\/index.php\/wishlist\/","og_site_name":"Lemon \ud83d\udc9b Al, Giy, Sev","twitter_card":"summary_large_image","schema":{"@context":"https:\/\/schema.org","@graph":[{"@type":"WebPage","@id":"https:\/\/lemonbutik.com\/index.php\/wishlist\/","url":"https:\/\/lemonbutik.com\/index.php\/wishlist\/","name":"Wishlist - Lemon \ud83d\udc9b Al, Giy, Sev","isPartOf":{"@id":"https:\/\/lemonbutik.com\/#website"},"datePublished":"2025-08-11T09:54:45+00:00","breadcrumb":{"@id":"https:\/\/lemonbutik.com\/index.php\/wishlist\/#breadcrumb"},"inLanguage":"tr","potentialAction":[{"@type":"ReadAction","target":["https:\/\/lemonbutik.com\/index.php\/wishlist\/"]}]},{"@type":"BreadcrumbList","@id":"https:\/\/lemonbutik.com\/index.php\/wishlist\/#breadcrumb","itemListElement":[{"@type":"ListItem","position":1,"name":"Home","item":"https:\/\/lemonbutik.com\/"},{"@type":"ListItem","position":2,"name":"Wishlist"}]},{"@type":"WebSite","@id":"https:\/\/lemonbutik.com\/#website","url":"https:\/\/lemonbutik.com\/","name":"Lemon \ud83d\udc9b Al, Giy, Sev","description":"","publisher":{"@id":"https:\/\/lemonbutik.com\/#organization"},"potentialAction":[{"@type":"SearchAction","target":{"@type":"EntryPoint","urlTemplate":"https:\/\/lemonbutik.com\/?s={search_term_string}"},"query-input":{"@type":"PropertyValueSpecification","valueRequired":true,"valueName":"search_term_string"}}],"inLanguage":"tr"},{"@type":["Organization","Place","ClothingStore"],"@id":"https:\/\/lemonbutik.com\/#organization","name":"Lemon Butik","alternateName":"Lemon","url":"https:\/\/lemonbutik.com\/","logo":{"@id":"https:\/\/lemonbutik.com\/index.php\/wishlist\/#local-main-organization-logo"},"image":{"@id":"https:\/\/lemonbutik.com\/index.php\/wishlist\/#local-main-organization-logo"},"address":{"@id":"https:\/\/lemonbutik.com\/index.php\/wishlist\/#local-main-place-address"},"telephone":["+905338334489"],"contactPoint":{"@type":"ContactPoint","email":"iletisim@lemonbutik.com"},"openingHoursSpecification":[{"@type":"OpeningHoursSpecification","dayOfWeek":["Monday","Tuesday","Wednesday","Thursday","Friday","Saturday","Sunday"],"opens":"10:30","closes":"21:00"}],"email":"iletisim@lemonbutik.com","areaServed":"Kad\u0131n Giyim","currenciesAccepted":"TL","paymentAccepted":"Kap\u0131da \u00d6deme"},{"@type":"PostalAddress","@id":"https:\/\/lemonbutik.com\/index.php\/wishlist\/#local-main-place-address","streetAddress":"Emek Apartman\u0131 No: 1B \u015eehit Metin S\u00fcl\u00fc\u015f Sokak A\u015fa\u011f\u0131 Girne Mahallesi Girne, Kuzey K\u0131br\u0131s T\u00fcrk Cumhuriyeti","addressLocality":"Girne","postalCode":"99300","addressRegion":"Girne","addressCountry":"CY"},{"@type":"ImageObject","inLanguage":"tr","@id":"https:\/\/lemonbutik.com\/index.php\/wishlist\/#local-main-organization-logo","url":"https:\/\/lemonbutik.com\/wp-content\/uploads\/2025\/08\/cropped-rev-removebg-preview_upscayl_2x_digital-art-4x-1.webp","contentUrl":"https:\/\/lemonbutik.com\/wp-content\/uploads\/2025\/08\/cropped-rev-removebg-preview_upscayl_2x_digital-art-4x-1.webp","width":512,"height":512,"caption":"Lemon Butik"}]},"geo.placename":"Girne","geo.region":"K\u0131br\u0131s"},"jetpack_sharing_enabled":true,"_links":{"self":[{"href":"https:\/\/lemonbutik.com\/index.php\/wp-json\/wp\/v2\/pages\/17","targetHints":{"allow":["GET"]}}],"collection":[{"href":"https:\/\/lemonbutik.com\/index.php\/wp-json\/wp\/v2\/pages"}],"about":[{"href":"https:\/\/lemonbutik.com\/index.php\/wp-json\/wp\/v2\/types\/page"}],"author":[{"embeddable":true,"href":"https:\/\/lemonbutik.com\/index.php\/wp-json\/wp\/v2\/users\/1"}],"replies":[{"embeddable":true,"href":"https:\/\/lemonbutik.com\/index.php\/wp-json\/wp\/v2\/comments?post=17"}],"version-history":[{"count":0,"href":"https:\/\/lemonbutik.com\/index.php\/wp-json\/wp\/v2\/pages\/17\/revisions"}],"wp:attachment":[{"href":"https:\/\/lemonbutik.com\/index.php\/wp-json\/wp\/v2\/media?parent=17"}],"curies":[{"name":"wp","href":"https:\/\/api.w.org\/{rel}","templated":true}]}}