{"id":142,"date":"2025-03-11T10:45:36","date_gmt":"2025-03-11T10:45:36","guid":{"rendered":"https:\/\/peakshops.wpthemestudios.com\/?page_id=142"},"modified":"2025-08-18T15:41:24","modified_gmt":"2025-08-18T15:41:24","slug":"iletisim","status":"publish","type":"page","link":"https:\/\/lemonbutik.com\/index.php\/iletisim\/","title":{"rendered":"\u0130leti\u015fim"},"content":{"rendered":"<div class=\"wpb-content-wrapper\">[vc_row css=&#8221;.vc_custom_1755531676573{margin-bottom: 20px !important;}&#8221;][vc_column el_class=&#8221;text-center&#8221;][vc_empty_space height=&#8221;60px&#8221;]\t<div id=\"thb-slidetype-69e11f2537a26\" class=\"thb-slidetype \" data-style=\"style2\">\r\n\t\t\n<h3><span class=\"thb-slidetype-entry\"><span class=\"lines\">G\u00f6r\u00fc\u015flerinizi duymak isteriz.<\/span><\/span><\/h3>\n\t\t\t<\/div>\r\n\r\n\t[vc_column_text css=&#8221;&#8221; animation=&#8221;animation fade-in&#8221;]Harika \u00fcr\u00fcnler \u00fcretiyorsan\u0131z veya bizimle \u00e7al\u0131\u015fmak istiyorsan\u0131z, bize bir mesaj g\u00f6nderin.[\/vc_column_text][vc_empty_space height=&#8221;60px&#8221;][\/vc_column][vc_column]\n<div class=\"wpcf7 no-js\" id=\"wpcf7-f10-o1\" lang=\"en-US\" dir=\"ltr\" data-wpcf7-id=\"10\">\n<div class=\"screen-reader-response\"><p role=\"status\" aria-live=\"polite\" aria-atomic=\"true\"><\/p> <ul><\/ul><\/div>\n<form action=\"\/index.php\/wp-json\/wp\/v2\/pages\/142#wpcf7-f10-o1\" method=\"post\" class=\"wpcf7-form init\" aria-label=\"Contact form\" novalidate=\"novalidate\" data-status=\"init\">\n<fieldset class=\"hidden-fields-container\"><input type=\"hidden\" name=\"_wpcf7\" value=\"10\" \/><input type=\"hidden\" name=\"_wpcf7_version\" value=\"6.1.5\" \/><input type=\"hidden\" name=\"_wpcf7_locale\" value=\"en_US\" \/><input type=\"hidden\" name=\"_wpcf7_unit_tag\" value=\"wpcf7-f10-o1\" \/><input type=\"hidden\" name=\"_wpcf7_container_post\" value=\"0\" \/><input type=\"hidden\" name=\"_wpcf7_posted_data_hash\" value=\"\" \/>\n<\/fieldset>\n<div class=\"cf7-compact\">\n\t<p><span class=\"wpcf7-form-control-wrap\" data-name=\"your-name\"><input size=\"40\" maxlength=\"400\" class=\"wpcf7-form-control wpcf7-text wpcf7-validates-as-required\" aria-required=\"true\" aria-invalid=\"false\" placeholder=\"Ad Soyad*\" value=\"\" type=\"text\" name=\"your-name\" \/><\/span><br \/>\n<span class=\"wpcf7-form-control-wrap\" data-name=\"your-email\"><input size=\"40\" maxlength=\"400\" class=\"wpcf7-form-control wpcf7-email wpcf7-validates-as-required wpcf7-text wpcf7-validates-as-email\" aria-required=\"true\" aria-invalid=\"false\" placeholder=\"E-posta*\" value=\"\" type=\"email\" name=\"your-email\" \/><\/span>\n\t<\/p>\n\t<p><span class=\"wpcf7-form-control-wrap\" data-name=\"your-phone\"><input size=\"40\" maxlength=\"400\" class=\"wpcf7-form-control wpcf7-tel wpcf7-validates-as-required wpcf7-text wpcf7-validates-as-tel\" aria-required=\"true\" aria-invalid=\"false\" placeholder=\"Telefon\" value=\"\" type=\"tel\" name=\"your-phone\" \/><\/span><br \/>\n<span class=\"wpcf7-form-control-wrap\" data-name=\"siparis-no\"><input size=\"40\" maxlength=\"400\" class=\"wpcf7-form-control wpcf7-text\" aria-invalid=\"false\" placeholder=\"Sipari\u015f No (varsa)\" value=\"\" type=\"text\" name=\"siparis-no\" \/><\/span>\n\t<\/p>\n\t<p><span class=\"wpcf7-form-control-wrap\" data-name=\"konu\"><select class=\"wpcf7-form-control wpcf7-select wpcf7-validates-as-required\" aria-required=\"true\" aria-invalid=\"false\" name=\"konu\"><option value=\"\">Se\u00e7im yap\u0131n\u0131z<\/option><option value=\"\u0130stek\">\u0130stek<\/option><option value=\"\u015eikayet\">\u015eikayet<\/option><\/select><\/span><br \/>\n<span class=\"wpcf7-form-control-wrap\" data-name=\"kategori\"><select class=\"wpcf7-form-control wpcf7-select\" aria-invalid=\"false\" name=\"kategori\"><option value=\"\">Se\u00e7im yap\u0131n\u0131z<\/option><option value=\"Genel\">Genel<\/option><option value=\"\u00dcr\u00fcn\">\u00dcr\u00fcn<\/option><option value=\"Teslimat\">Teslimat<\/option><option value=\"\u00d6deme\">\u00d6deme<\/option><option value=\"De\u011fi\u015fim\">De\u011fi\u015fim<\/option><option value=\"Teknik Destek\">Teknik Destek<\/option><\/select><\/span>\n\t<\/p>\n\t<p><span class=\"wpcf7-form-control-wrap\" data-name=\"your-message\"><textarea cols=\"20\" rows=\"2\" maxlength=\"2000\" class=\"wpcf7-form-control wpcf7-textarea wpcf7-validates-as-required full autogrow\" aria-required=\"true\" aria-invalid=\"false\" placeholder=\"Mesaj\u0131n\u0131z*\" name=\"your-message\"><\/textarea><\/span>\n\t<\/p>\n<input class=\"wpcf7-form-control wpcf7-hidden\" value=\"\" type=\"hidden\" name=\"page-url\" \/>\n<input class=\"wpcf7-form-control wpcf7-hidden\" value=\"\" type=\"hidden\" name=\"user-agent\" \/>\n<input class=\"wpcf7-form-control wpcf7-hidden\" value=\"\" type=\"hidden\" name=\"gonderim-tarihi\" \/>\n\t<div class=\"cf7-actions full\">\n\t\t<p><input class=\"wpcf7-form-control wpcf7-submit has-spinner\" type=\"submit\" value=\"G\u00f6nder\" \/>\n\t\t<\/p>\n\t<\/div>\n<\/div>\n\n<!-- Otomatik b\u00fcy\u00fcyen mesaj alan\u0131 -->\n<p><script>\ndocument.addEventListener('DOMContentLoaded', function () {\n \/\/ Mesaj alan\u0131 yazd\u0131k\u00e7a b\u00fcy\u00fcs\u00fcn\n document.querySelectorAll('.wpcf7 .autogrow').forEach(function (el) {\n const grow = () => { el.style.height = 'auto'; el.style.height = el.scrollHeight + 'px'; };\n grow();\n el.addEventListener('input', grow);\n });\n});\n<\/script>\n<\/p><div class=\"wpcf7-response-output\" aria-hidden=\"true\"><\/div>\n<\/form>\n<\/div>\n[\/vc_column][\/vc_row][vc_row][vc_column width=&#8221;1\/3&#8243;]\t<div id=\"thb-image-69e11f253a035\" class=\"caption-style1  aligncenter   thb_image_link wp-caption \">\r\n\t\t\t<div class=\"thb-image-inner size_100\">\r\n\t\t\t<img loading=\"lazy\" decoding=\"async\" width=\"32\" height=\"28\" src=\"data:image\/gif;base64,R0lGODlhAQABAAAAACH5BAEKAAEALAAAAAABAAEAAAICTAEAOw==\" class=\"thb_image    attachment-full thb-lazyload lazyload\" alt=\"\" title=\"ic1\" sizes=\"auto, (max-width: 32px) 100vw, 32px\" data-src=\"https:\/\/lemonbutik.com\/wp-content\/uploads\/2025\/03\/ic1.png\" data-sizes=\"auto\" data-srcset=\"https:\/\/lemonbutik.com\/wp-content\/uploads\/2025\/03\/ic1.png 32w, https:\/\/lemonbutik.com\/wp-content\/uploads\/2025\/03\/ic1-20x18.png 20w\" \/>\t\t\t\t\t<\/div>\r\n\t\t\t\t\t<\/div>\r\n  [vc_empty_space height=&#8221;10px&#8221;][vc_column_text css=&#8221;&#8221; el_class=&#8221;text-center&#8221;]\n<h5><\/h5>\n<h5>Ma\u011fazam\u0131z<\/h5>\n<p><span style=\"font-size: 14px; color: #4f4f4f;\">Emek Apartman\u0131 No: 1B<br \/>\n\u015eehit Metin S\u00fcl\u00fc\u015f Sokak<br \/>\nA\u015fa\u011f\u0131 Girne Mahallesi<br \/>\nGirne, Kuzey K\u0131br\u0131s T\u00fcrk Cumhuriyeti<br \/>\n<\/span><br \/>\n<span style=\"font-size: 14px; color: #4f4f4f;\">Email: <a href=\"mailto:iletisim@lemonbutik.com\">iletisim@lemonbutik.com<\/a><\/span>[\/vc_column_text][vc_empty_space height=&#8221;40px&#8221;][\/vc_column][vc_column width=&#8221;1\/3&#8243;]\t<div id=\"thb-image-69e11f253a3cc\" class=\"caption-style1  aligncenter   thb_image_link wp-caption \">\r\n\t\t\t<div class=\"thb-image-inner size_100\">\r\n\t\t\t<img loading=\"lazy\" decoding=\"async\" width=\"16\" height=\"20\" src=\"data:image\/gif;base64,R0lGODlhAQABAAAAACH5BAEKAAEALAAAAAABAAEAAAICTAEAOw==\" class=\"thb_image    attachment-full thb-lazyload lazyload\" alt=\"\" title=\"phone\" data-src=\"https:\/\/lemonbutik.com\/wp-content\/uploads\/2025\/03\/phone.png\" data-sizes=\"auto\" \/>\t\t\t\t\t<\/div>\r\n\t\t\t\t\t<\/div>\r\n  [vc_empty_space height=&#8221;10px&#8221;][vc_column_text css=&#8221;&#8221; el_class=&#8221;text-center&#8221;]\n<h5><\/h5>\n<h5>Aray\u0131n \/ Whatsapp<\/h5>\n<p><span style=\"font-size: 14px; color: #4f4f4f;\">\u00c7al\u0131\u015fma saatlerimiz i\u00e7erisinde bize telefon numaram\u0131zdan ve whatsappdan ula\u015fabilrisiniz.<br \/>\n<\/span><\/p>\n<p><span style=\"font-size: 14px; color: #4f4f4f;\"> Telefon: <a href=\"tel:+905338334489\">0 (533) 833 4489<\/a><br \/>\nPazartesi-Pazar 10:30-21:00<br \/>\n<\/span>[\/vc_column_text][vc_empty_space height=&#8221;40px&#8221;][\/vc_column][vc_column width=&#8221;1\/3&#8243;]\t<div id=\"thb-image-69e11f253a71a\" class=\"caption-style1  aligncenter   thb_image_link wp-caption \">\r\n\t\t\t<div class=\"thb-image-inner size_100\">\r\n\t\t\t<img loading=\"lazy\" decoding=\"async\" width=\"32\" height=\"32\" src=\"data:image\/gif;base64,R0lGODlhAQABAAAAACH5BAEKAAEALAAAAAABAAEAAAICTAEAOw==\" class=\"thb_image    attachment-full thb-lazyload lazyload\" alt=\"\" title=\"icon_03\" sizes=\"auto, (max-width: 32px) 100vw, 32px\" data-src=\"https:\/\/lemonbutik.com\/wp-content\/uploads\/2025\/03\/icon_03.png\" data-sizes=\"auto\" data-srcset=\"https:\/\/lemonbutik.com\/wp-content\/uploads\/2025\/03\/icon_03.png 32w, https:\/\/lemonbutik.com\/wp-content\/uploads\/2025\/03\/icon_03-20x20.png 20w\" \/>\t\t\t\t\t<\/div>\r\n\t\t\t\t\t<\/div>\r\n  [vc_empty_space height=&#8221;10px&#8221;][vc_column_text css=&#8221;&#8221; el_class=&#8221;text-center&#8221;]\n<h5><\/h5>\n<h5>Instagram Hesab\u0131m\u0131z<\/h5>\n<p><span style=\"font-size: 14px; color: #4f4f4f;\">DM Yoluyla \u00e7al\u0131\u015fma saatlerimiz i\u00e7erisinde bize ula\u015fabilrisiniz<\/span><\/p>\n<p><span style=\"font-size: 14px; color: #4f4f4f;\">Instagram: <a href=\"https:\/\/www.instagram.com\/lemonfashion_kktc\/\" target=\"_blank\" rel=\"noopener noreferrer nofollow\">@lemonfashion_kktc<\/a><\/span>[\/vc_column_text][vc_empty_space height=&#8221;40px&#8221;][\/vc_column][\/vc_row]\n<\/div>","protected":false},"excerpt":{"rendered":"<p>[vc_row css=&#8221;.vc_custom_1755531676573{margin-bottom: 20px !important;}&#8221;][vc_column el_class=&#8221;text-center&#8221;][vc_empty_space height=&#8221;60px&#8221;][vc_column_text css=&#8221;&#8221; animation=&#8221;animation fade-in&#8221;]Harika \u00fcr\u00fcnler \u00fcretiyorsan\u0131z veya bizimle \u00e7al\u0131\u015fmak istiyorsan\u0131z, bize bir mesaj g\u00f6nderin.[\/vc_column_text][vc_empty_space height=&#8221;60px&#8221;][\/vc_column][vc_column][\/vc_column][\/vc_row][vc_row][vc_column width=&#8221;1\/3&#8243;][vc_empty_space height=&#8221;10px&#8221;][vc_column_text css=&#8221;&#8221; el_class=&#8221;text-center&#8221;] Ma\u011fazam\u0131z Emek Apartman\u0131 No: 1B \u015eehit Metin S\u00fcl\u00fc\u015f Sokak A\u015fa\u011f\u0131 Girne Mahallesi Girne, Kuzey K\u0131br\u0131s T\u00fcrk Cumhuriyeti Email: iletisim@lemonbutik.com[\/vc_column_text][vc_empty_space height=&#8221;40px&#8221;][\/vc_column][vc_column width=&#8221;1\/3&#8243;][vc_empty_space height=&#8221;10px&#8221;][vc_column_text css=&#8221;&#8221; el_class=&#8221;text-center&#8221;] Aray\u0131n \/ Whatsapp \u00c7al\u0131\u015fma saatlerimiz i\u00e7erisinde bize&hellip;<\/p>\n","protected":false},"author":1,"featured_media":0,"parent":0,"menu_order":0,"comment_status":"closed","ping_status":"closed","template":"page-default.php","meta":{"footnotes":""},"class_list":["post-142","page","type-page","status-publish","hentry"],"yoast_head":"<!-- This site is optimized with the Yoast SEO Premium plugin v25.7.1 (Yoast SEO v27.2) - https:\/\/yoast.com\/product\/yoast-seo-premium-wordpress\/ -->\n<title>\u0130leti\u015fim - Lemon \ud83d\udc9b Al, Giy, Sev<\/title>\n<meta name=\"robots\" content=\"index, follow, max-snippet:-1, max-image-preview:large, max-video-preview:-1\" \/>\n<link rel=\"canonical\" href=\"https:\/\/lemonbutik.com\/index.php\/iletisim\/\" \/>\n<meta property=\"og:locale\" content=\"tr_TR\" \/>\n<meta property=\"og:type\" content=\"article\" \/>\n<meta property=\"og:title\" content=\"\u0130leti\u015fim\" \/>\n<meta property=\"og:description\" content=\"[vc_row css=&#8221;.vc_custom_1755531676573{margin-bottom: 20px !important;}&#8221;][vc_column el_class=&#8221;text-center&#8221;][vc_empty_space height=&#8221;60px&#8221;][vc_column_text css=&#8221;&#8221; animation=&#8221;animation fade-in&#8221;]Harika \u00fcr\u00fcnler \u00fcretiyorsan\u0131z veya bizimle \u00e7al\u0131\u015fmak istiyorsan\u0131z, bize bir mesaj g\u00f6nderin.[\/vc_column_text][vc_empty_space height=&#8221;60px&#8221;][\/vc_column][vc_column][\/vc_column][\/vc_row][vc_row][vc_column width=&#8221;1\/3&#8243;][vc_empty_space height=&#8221;10px&#8221;][vc_column_text css=&#8221;&#8221; el_class=&#8221;text-center&#8221;] Ma\u011fazam\u0131z Emek Apartman\u0131 No: 1B \u015eehit Metin S\u00fcl\u00fc\u015f Sokak A\u015fa\u011f\u0131 Girne Mahallesi Girne, Kuzey K\u0131br\u0131s T\u00fcrk Cumhuriyeti Email: iletisim@lemonbutik.com[\/vc_column_text][vc_empty_space height=&#8221;40px&#8221;][\/vc_column][vc_column width=&#8221;1\/3&#8243;][vc_empty_space height=&#8221;10px&#8221;][vc_column_text css=&#8221;&#8221; el_class=&#8221;text-center&#8221;] Aray\u0131n \/ Whatsapp \u00c7al\u0131\u015fma saatlerimiz i\u00e7erisinde bize&hellip;\" \/>\n<meta property=\"og:url\" content=\"https:\/\/lemonbutik.com\/index.php\/iletisim\/\" \/>\n<meta property=\"og:site_name\" content=\"Lemon \ud83d\udc9b Al, Giy, Sev\" \/>\n<meta property=\"article:modified_time\" content=\"2025-08-18T15:41:24+00:00\" \/>\n<meta name=\"twitter:card\" content=\"summary_large_image\" \/>\n<meta name=\"twitter:label1\" content=\"Tahmini okuma s\u00fcresi\" \/>\n\t<meta name=\"twitter:data1\" content=\"1 dakika\" \/>\n<script type=\"application\/ld+json\" class=\"yoast-schema-graph\">{\"@context\":\"https:\/\/schema.org\",\"@graph\":[{\"@type\":\"WebPage\",\"@id\":\"https:\/\/lemonbutik.com\/index.php\/iletisim\/\",\"url\":\"https:\/\/lemonbutik.com\/index.php\/iletisim\/\",\"name\":\"\u0130leti\u015fim - Lemon \ud83d\udc9b Al, Giy, Sev\",\"isPartOf\":{\"@id\":\"https:\/\/lemonbutik.com\/#website\"},\"datePublished\":\"2025-03-11T10:45:36+00:00\",\"dateModified\":\"2025-08-18T15:41:24+00:00\",\"breadcrumb\":{\"@id\":\"https:\/\/lemonbutik.com\/index.php\/iletisim\/#breadcrumb\"},\"inLanguage\":\"tr\",\"potentialAction\":[{\"@type\":\"ReadAction\",\"target\":[\"https:\/\/lemonbutik.com\/index.php\/iletisim\/\"]}]},{\"@type\":\"BreadcrumbList\",\"@id\":\"https:\/\/lemonbutik.com\/index.php\/iletisim\/#breadcrumb\",\"itemListElement\":[{\"@type\":\"ListItem\",\"position\":1,\"name\":\"Home\",\"item\":\"https:\/\/lemonbutik.com\/\"},{\"@type\":\"ListItem\",\"position\":2,\"name\":\"\u0130leti\u015fim\"}]},{\"@type\":\"WebSite\",\"@id\":\"https:\/\/lemonbutik.com\/#website\",\"url\":\"https:\/\/lemonbutik.com\/\",\"name\":\"Lemon \ud83d\udc9b Al, Giy, Sev\",\"description\":\"\",\"publisher\":{\"@id\":\"https:\/\/lemonbutik.com\/#organization\"},\"potentialAction\":[{\"@type\":\"SearchAction\",\"target\":{\"@type\":\"EntryPoint\",\"urlTemplate\":\"https:\/\/lemonbutik.com\/?s={search_term_string}\"},\"query-input\":{\"@type\":\"PropertyValueSpecification\",\"valueRequired\":true,\"valueName\":\"search_term_string\"}}],\"inLanguage\":\"tr\"},{\"@type\":[\"Organization\",\"Place\",\"ClothingStore\"],\"@id\":\"https:\/\/lemonbutik.com\/#organization\",\"name\":\"Lemon Butik\",\"alternateName\":\"Lemon\",\"url\":\"https:\/\/lemonbutik.com\/\",\"logo\":{\"@id\":\"https:\/\/lemonbutik.com\/index.php\/iletisim\/#local-main-organization-logo\"},\"image\":{\"@id\":\"https:\/\/lemonbutik.com\/index.php\/iletisim\/#local-main-organization-logo\"},\"address\":{\"@id\":\"https:\/\/lemonbutik.com\/index.php\/iletisim\/#local-main-place-address\"},\"telephone\":[\"+905338334489\"],\"contactPoint\":{\"@type\":\"ContactPoint\",\"email\":\"iletisim@lemonbutik.com\"},\"openingHoursSpecification\":[{\"@type\":\"OpeningHoursSpecification\",\"dayOfWeek\":[\"Monday\",\"Tuesday\",\"Wednesday\",\"Thursday\",\"Friday\",\"Saturday\",\"Sunday\"],\"opens\":\"10:30\",\"closes\":\"21:00\"}],\"email\":\"iletisim@lemonbutik.com\",\"areaServed\":\"Kad\u0131n Giyim\",\"currenciesAccepted\":\"TL\",\"paymentAccepted\":\"Kap\u0131da \u00d6deme\"},{\"@type\":\"PostalAddress\",\"@id\":\"https:\/\/lemonbutik.com\/index.php\/iletisim\/#local-main-place-address\",\"streetAddress\":\"Emek Apartman\u0131 No: 1B \u015eehit Metin S\u00fcl\u00fc\u015f Sokak A\u015fa\u011f\u0131 Girne Mahallesi Girne, Kuzey K\u0131br\u0131s T\u00fcrk Cumhuriyeti\",\"addressLocality\":\"Girne\",\"postalCode\":\"99300\",\"addressRegion\":\"Girne\",\"addressCountry\":\"CY\"},{\"@type\":\"ImageObject\",\"inLanguage\":\"tr\",\"@id\":\"https:\/\/lemonbutik.com\/index.php\/iletisim\/#local-main-organization-logo\",\"url\":\"https:\/\/lemonbutik.com\/wp-content\/uploads\/2025\/08\/cropped-rev-removebg-preview_upscayl_2x_digital-art-4x-1.webp\",\"contentUrl\":\"https:\/\/lemonbutik.com\/wp-content\/uploads\/2025\/08\/cropped-rev-removebg-preview_upscayl_2x_digital-art-4x-1.webp\",\"width\":512,\"height\":512,\"caption\":\"Lemon Butik\"}]}<\/script>\n<meta name=\"geo.placename\" content=\"Girne\" \/>\n<meta name=\"geo.region\" content=\"K\u0131br\u0131s\" \/>\n<!-- \/ Yoast SEO Premium plugin. -->","yoast_head_json":{"title":"\u0130leti\u015fim - Lemon \ud83d\udc9b Al, Giy, Sev","robots":{"index":"index","follow":"follow","max-snippet":"max-snippet:-1","max-image-preview":"max-image-preview:large","max-video-preview":"max-video-preview:-1"},"canonical":"https:\/\/lemonbutik.com\/index.php\/iletisim\/","og_locale":"tr_TR","og_type":"article","og_title":"\u0130leti\u015fim","og_description":"[vc_row css=&#8221;.vc_custom_1755531676573{margin-bottom: 20px !important;}&#8221;][vc_column el_class=&#8221;text-center&#8221;][vc_empty_space height=&#8221;60px&#8221;][vc_column_text css=&#8221;&#8221; animation=&#8221;animation fade-in&#8221;]Harika \u00fcr\u00fcnler \u00fcretiyorsan\u0131z veya bizimle \u00e7al\u0131\u015fmak istiyorsan\u0131z, bize bir mesaj g\u00f6nderin.[\/vc_column_text][vc_empty_space height=&#8221;60px&#8221;][\/vc_column][vc_column][\/vc_column][\/vc_row][vc_row][vc_column width=&#8221;1\/3&#8243;][vc_empty_space height=&#8221;10px&#8221;][vc_column_text css=&#8221;&#8221; el_class=&#8221;text-center&#8221;] Ma\u011fazam\u0131z Emek Apartman\u0131 No: 1B \u015eehit Metin S\u00fcl\u00fc\u015f Sokak A\u015fa\u011f\u0131 Girne Mahallesi Girne, Kuzey K\u0131br\u0131s T\u00fcrk Cumhuriyeti Email: iletisim@lemonbutik.com[\/vc_column_text][vc_empty_space height=&#8221;40px&#8221;][\/vc_column][vc_column width=&#8221;1\/3&#8243;][vc_empty_space height=&#8221;10px&#8221;][vc_column_text css=&#8221;&#8221; el_class=&#8221;text-center&#8221;] Aray\u0131n \/ Whatsapp \u00c7al\u0131\u015fma saatlerimiz i\u00e7erisinde bize&hellip;","og_url":"https:\/\/lemonbutik.com\/index.php\/iletisim\/","og_site_name":"Lemon \ud83d\udc9b Al, Giy, Sev","article_modified_time":"2025-08-18T15:41:24+00:00","twitter_card":"summary_large_image","twitter_misc":{"Tahmini okuma s\u00fcresi":"1 dakika"},"schema":{"@context":"https:\/\/schema.org","@graph":[{"@type":"WebPage","@id":"https:\/\/lemonbutik.com\/index.php\/iletisim\/","url":"https:\/\/lemonbutik.com\/index.php\/iletisim\/","name":"\u0130leti\u015fim - Lemon \ud83d\udc9b Al, Giy, Sev","isPartOf":{"@id":"https:\/\/lemonbutik.com\/#website"},"datePublished":"2025-03-11T10:45:36+00:00","dateModified":"2025-08-18T15:41:24+00:00","breadcrumb":{"@id":"https:\/\/lemonbutik.com\/index.php\/iletisim\/#breadcrumb"},"inLanguage":"tr","potentialAction":[{"@type":"ReadAction","target":["https:\/\/lemonbutik.com\/index.php\/iletisim\/"]}]},{"@type":"BreadcrumbList","@id":"https:\/\/lemonbutik.com\/index.php\/iletisim\/#breadcrumb","itemListElement":[{"@type":"ListItem","position":1,"name":"Home","item":"https:\/\/lemonbutik.com\/"},{"@type":"ListItem","position":2,"name":"\u0130leti\u015fim"}]},{"@type":"WebSite","@id":"https:\/\/lemonbutik.com\/#website","url":"https:\/\/lemonbutik.com\/","name":"Lemon \ud83d\udc9b Al, Giy, Sev","description":"","publisher":{"@id":"https:\/\/lemonbutik.com\/#organization"},"potentialAction":[{"@type":"SearchAction","target":{"@type":"EntryPoint","urlTemplate":"https:\/\/lemonbutik.com\/?s={search_term_string}"},"query-input":{"@type":"PropertyValueSpecification","valueRequired":true,"valueName":"search_term_string"}}],"inLanguage":"tr"},{"@type":["Organization","Place","ClothingStore"],"@id":"https:\/\/lemonbutik.com\/#organization","name":"Lemon Butik","alternateName":"Lemon","url":"https:\/\/lemonbutik.com\/","logo":{"@id":"https:\/\/lemonbutik.com\/index.php\/iletisim\/#local-main-organization-logo"},"image":{"@id":"https:\/\/lemonbutik.com\/index.php\/iletisim\/#local-main-organization-logo"},"address":{"@id":"https:\/\/lemonbutik.com\/index.php\/iletisim\/#local-main-place-address"},"telephone":["+905338334489"],"contactPoint":{"@type":"ContactPoint","email":"iletisim@lemonbutik.com"},"openingHoursSpecification":[{"@type":"OpeningHoursSpecification","dayOfWeek":["Monday","Tuesday","Wednesday","Thursday","Friday","Saturday","Sunday"],"opens":"10:30","closes":"21:00"}],"email":"iletisim@lemonbutik.com","areaServed":"Kad\u0131n Giyim","currenciesAccepted":"TL","paymentAccepted":"Kap\u0131da \u00d6deme"},{"@type":"PostalAddress","@id":"https:\/\/lemonbutik.com\/index.php\/iletisim\/#local-main-place-address","streetAddress":"Emek Apartman\u0131 No: 1B \u015eehit Metin S\u00fcl\u00fc\u015f Sokak A\u015fa\u011f\u0131 Girne Mahallesi Girne, Kuzey K\u0131br\u0131s T\u00fcrk Cumhuriyeti","addressLocality":"Girne","postalCode":"99300","addressRegion":"Girne","addressCountry":"CY"},{"@type":"ImageObject","inLanguage":"tr","@id":"https:\/\/lemonbutik.com\/index.php\/iletisim\/#local-main-organization-logo","url":"https:\/\/lemonbutik.com\/wp-content\/uploads\/2025\/08\/cropped-rev-removebg-preview_upscayl_2x_digital-art-4x-1.webp","contentUrl":"https:\/\/lemonbutik.com\/wp-content\/uploads\/2025\/08\/cropped-rev-removebg-preview_upscayl_2x_digital-art-4x-1.webp","width":512,"height":512,"caption":"Lemon Butik"}]},"geo.placename":"Girne","geo.region":"K\u0131br\u0131s"},"jetpack_sharing_enabled":true,"_links":{"self":[{"href":"https:\/\/lemonbutik.com\/index.php\/wp-json\/wp\/v2\/pages\/142","targetHints":{"allow":["GET"]}}],"collection":[{"href":"https:\/\/lemonbutik.com\/index.php\/wp-json\/wp\/v2\/pages"}],"about":[{"href":"https:\/\/lemonbutik.com\/index.php\/wp-json\/wp\/v2\/types\/page"}],"author":[{"embeddable":true,"href":"https:\/\/lemonbutik.com\/index.php\/wp-json\/wp\/v2\/users\/1"}],"replies":[{"embeddable":true,"href":"https:\/\/lemonbutik.com\/index.php\/wp-json\/wp\/v2\/comments?post=142"}],"version-history":[{"count":0,"href":"https:\/\/lemonbutik.com\/index.php\/wp-json\/wp\/v2\/pages\/142\/revisions"}],"wp:attachment":[{"href":"https:\/\/lemonbutik.com\/index.php\/wp-json\/wp\/v2\/media?parent=142"}],"curies":[{"name":"wp","href":"https:\/\/api.w.org\/{rel}","templated":true}]}}